{"id":1033,"date":"2025-05-01T01:22:27","date_gmt":"2025-04-30T23:22:27","guid":{"rendered":"https:\/\/www.mediraid.be\/fr\/?page_id=1033"},"modified":"2025-11-18T20:35:14","modified_gmt":"2025-11-18T19:35:14","slug":"soutiens-de-mediraid","status":"publish","type":"page","link":"https:\/\/www.mediraid.be\/fr\/soutiens-de-mediraid\/","title":{"rendered":"Soutiens &amp; sponsors"},"content":{"rendered":"\n<h2 class=\"wp-block-heading\">Soutiens techniques et logistiques<\/h2>\n\n\n\n<div class=\"wp-block-columns is-layout-flex wp-container-core-columns-is-layout-9d6595d7 wp-block-columns-is-layout-flex\">\n<div class=\"wp-block-column is-vertically-aligned-center is-layout-flow wp-block-column-is-layout-flow\" style=\"padding-right:var(--wp--preset--spacing--80);flex-basis:20%\">\n<figure class=\"wp-block-image size-full is-resized\"><a href=\"https:\/\/energy-assistance.org\/fr\/\"><img loading=\"lazy\" decoding=\"async\" width=\"179\" height=\"300\" src=\"https:\/\/www.mediraid.be\/fr\/wp-content\/uploads\/2025\/04\/EA_LOGO_RGB-Copy-179x300-1.jpg\" alt=\"\" class=\"wp-image-1017\" style=\"width:315px;height:auto\" srcset=\"https:\/\/www.mediraid.be\/fr\/wp-content\/uploads\/2025\/04\/EA_LOGO_RGB-Copy-179x300-1.jpg 179w, https:\/\/www.mediraid.be\/fr\/wp-content\/uploads\/2025\/04\/EA_LOGO_RGB-Copy-179x300-1-14x24.jpg 14w, https:\/\/www.mediraid.be\/fr\/wp-content\/uploads\/2025\/04\/EA_LOGO_RGB-Copy-179x300-1-21x36.jpg 21w, https:\/\/www.mediraid.be\/fr\/wp-content\/uploads\/2025\/04\/EA_LOGO_RGB-Copy-179x300-1-29x48.jpg 29w\" sizes=\"auto, (max-width: 179px) 100vw, 179px\" \/><\/a><\/figure>\n<\/div>\n\n\n\n<div class=\"wp-block-column is-vertically-aligned-center is-layout-flow wp-block-column-is-layout-flow\">\n<h3 class=\"wp-block-heading\">Energy Assistance<\/h3>\n\n\n\n<p>Boulevard Simon Bolivar 34-36<br>1000 Bruxelles<br>Belgique<br>+32 (0)2.510.74.38<br><a href=\"mailto:energyassistance.asbl-vzw@engie.com\">energyassistance.asbl-vzw@engie.com<\/a><br><a href=\"https:\/\/energy-assistance.org\/fr\/\">https:\/\/energy-assistance.org\/fr\/<\/a><\/p>\n<\/div>\n<\/div>\n\n\n\n<div class=\"wp-block-columns is-layout-flex wp-container-core-columns-is-layout-9d6595d7 wp-block-columns-is-layout-flex\">\n<div class=\"wp-block-column is-vertically-aligned-center is-layout-flow wp-block-column-is-layout-flow\" style=\"padding-right:var(--wp--preset--spacing--80);flex-basis:20%\">\n<figure class=\"wp-block-image size-full is-resized\"><img loading=\"lazy\" decoding=\"async\" width=\"190\" height=\"43\" src=\"https:\/\/www.mediraid.be\/fr\/wp-content\/uploads\/2025\/10\/brussel-logo.png\" alt=\"\" class=\"wp-image-1342\" style=\"width:315px;height:auto\" srcset=\"https:\/\/www.mediraid.be\/fr\/wp-content\/uploads\/2025\/10\/brussel-logo.png 190w, https:\/\/www.mediraid.be\/fr\/wp-content\/uploads\/2025\/10\/brussel-logo-24x5.png 24w, https:\/\/www.mediraid.be\/fr\/wp-content\/uploads\/2025\/10\/brussel-logo-36x8.png 36w, https:\/\/www.mediraid.be\/fr\/wp-content\/uploads\/2025\/10\/brussel-logo-48x11.png 48w\" sizes=\"auto, (max-width: 190px) 100vw, 190px\" \/><\/figure>\n<\/div>\n\n\n\n<div class=\"wp-block-column is-vertically-aligned-center is-layout-flow wp-block-column-is-layout-flow\">\n<h3 class=\"wp-block-heading\">Brussels Airlines<\/h3>\n\n\n\n<p><a href=\"https:\/\/www.brusselsairlines.com\/\">https:\/\/www.brusselsairlines.com\/<\/a><\/p>\n<\/div>\n<\/div>\n\n\n\n<div class=\"wp-block-columns is-layout-flex wp-container-core-columns-is-layout-9d6595d7 wp-block-columns-is-layout-flex\">\n<div class=\"wp-block-column is-vertically-aligned-center is-layout-flow wp-block-column-is-layout-flow\" style=\"padding-right:var(--wp--preset--spacing--80);flex-basis:20%\">\n<figure class=\"wp-block-image size-full is-resized\"><a href=\"https:\/\/www.pragmasoft.be\"><img loading=\"lazy\" decoding=\"async\" width=\"250\" height=\"97\" src=\"https:\/\/www.mediraid.be\/fr\/wp-content\/uploads\/2025\/05\/prs_250_97.png\" alt=\"\" class=\"wp-image-1034\" style=\"width:315px;height:auto\" srcset=\"https:\/\/www.mediraid.be\/fr\/wp-content\/uploads\/2025\/05\/prs_250_97.png 250w, https:\/\/www.mediraid.be\/fr\/wp-content\/uploads\/2025\/05\/prs_250_97-24x9.png 24w, https:\/\/www.mediraid.be\/fr\/wp-content\/uploads\/2025\/05\/prs_250_97-36x14.png 36w, https:\/\/www.mediraid.be\/fr\/wp-content\/uploads\/2025\/05\/prs_250_97-48x19.png 48w\" sizes=\"auto, (max-width: 250px) 100vw, 250px\" \/><\/a><\/figure>\n<\/div>\n\n\n\n<div class=\"wp-block-column is-vertically-aligned-center is-layout-flow wp-block-column-is-layout-flow\">\n<h3 class=\"wp-block-heading\">Pragmasoft asbl<\/h3>\n\n\n\n<p>Rue Frans Van Cutsem 16<br>1140 Bruxelles<br>Belgique<br><a href=\"mailto:info@pragmasoft.be\">info@pragmasoft.be<\/a><br><a href=\"https:\/\/www.pragmasoft.be\/\">https:\/\/www.pragmasoft.be<\/a><\/p>\n<\/div>\n<\/div>\n\n\n\n<div class=\"wp-block-columns is-layout-flex wp-container-core-columns-is-layout-9d6595d7 wp-block-columns-is-layout-flex\">\n<div class=\"wp-block-column is-vertically-aligned-center is-layout-flow wp-block-column-is-layout-flow\" style=\"padding-right:var(--wp--preset--spacing--80);flex-basis:20%\">\n<figure class=\"wp-block-image size-full is-resized\"><a href=\"https:\/\/www.desniepermaculture.com\/bureaudetudes\"><img loading=\"lazy\" decoding=\"async\" width=\"1086\" height=\"345\" src=\"https:\/\/www.mediraid.be\/fr\/wp-content\/uploads\/2025\/11\/7_generations.png\" alt=\"\" class=\"wp-image-1350\" style=\"width:315px;height:auto\" srcset=\"https:\/\/www.mediraid.be\/fr\/wp-content\/uploads\/2025\/11\/7_generations.png 1086w, https:\/\/www.mediraid.be\/fr\/wp-content\/uploads\/2025\/11\/7_generations-300x95.png 300w, https:\/\/www.mediraid.be\/fr\/wp-content\/uploads\/2025\/11\/7_generations-1024x325.png 1024w, https:\/\/www.mediraid.be\/fr\/wp-content\/uploads\/2025\/11\/7_generations-768x244.png 768w, https:\/\/www.mediraid.be\/fr\/wp-content\/uploads\/2025\/11\/7_generations-24x8.png 24w, https:\/\/www.mediraid.be\/fr\/wp-content\/uploads\/2025\/11\/7_generations-36x11.png 36w, https:\/\/www.mediraid.be\/fr\/wp-content\/uploads\/2025\/11\/7_generations-48x15.png 48w\" sizes=\"auto, (max-width: 1086px) 100vw, 1086px\" \/><\/a><\/figure>\n<\/div>\n\n\n\n<div class=\"wp-block-column is-vertically-aligned-center is-layout-flow wp-block-column-is-layout-flow\">\n<h3 class=\"wp-block-heading\">sept g\u00e9n\u00e9rations<\/h3>\n\n\n\n<p>Jean-C\u00e9dric Jacmart<br>+32 496 12 57 58<br><a href=\"mailto:jeancedric@me.com\">jeancedric@me.com<\/a><br><a href=\"https:\/\/www.desniepermaculture.com\/bureaudetudes\">https:\/\/www.desniepermaculture.com\/bureaudetudes<\/a><\/p>\n<\/div>\n<\/div>\n\n\n\n<hr class=\"wp-block-separator has-alpha-channel-opacity\"\/>\n\n\n\n<h2 class=\"wp-block-heading\" id=\"cc-m-header-9685556822\">Donateurs &amp; sponsors<\/h2>\n\n\n\n<div class=\"wp-block-columns is-layout-flex wp-container-core-columns-is-layout-9d6595d7 wp-block-columns-is-layout-flex\">\n<div class=\"wp-block-column is-vertically-aligned-center is-layout-flow wp-block-column-is-layout-flow\" style=\"padding-right:var(--wp--preset--spacing--80);flex-basis:20%\">\n<figure class=\"wp-block-image size-full is-resized\"><img loading=\"lazy\" decoding=\"async\" width=\"249\" height=\"66\" src=\"https:\/\/www.mediraid.be\/fr\/wp-content\/uploads\/2025\/10\/logo_jlcars.jpg\" alt=\"\" class=\"wp-image-1320\" style=\"width:315px;height:auto\" srcset=\"https:\/\/www.mediraid.be\/fr\/wp-content\/uploads\/2025\/10\/logo_jlcars.jpg 249w, https:\/\/www.mediraid.be\/fr\/wp-content\/uploads\/2025\/10\/logo_jlcars-24x6.jpg 24w, https:\/\/www.mediraid.be\/fr\/wp-content\/uploads\/2025\/10\/logo_jlcars-36x10.jpg 36w, https:\/\/www.mediraid.be\/fr\/wp-content\/uploads\/2025\/10\/logo_jlcars-48x13.jpg 48w\" sizes=\"auto, (max-width: 249px) 100vw, 249px\" \/><\/figure>\n<\/div>\n\n\n\n<div class=\"wp-block-column is-vertically-aligned-center is-layout-flow wp-block-column-is-layout-flow\">\n<h3 class=\"wp-block-heading\">JL Cars<\/h3>\n\n\n\n<p>Carrosserie toutes marques \u00e0 Vis\u00e9-Li\u00e8ge<br>Avenue de Navagne 58<br>4600 Vis\u00e9<br>Belgique<br>04 \/ 264 12 98<br><a href=\"mailto:info@garagejlcars.be\">info@garagejlcars.be<\/a><br><a href=\"https:\/\/www.jlcarscarrosserievise.be\/\">https:\/\/www.jlcarscarrosserievise.be<\/a><\/p>\n<\/div>\n<\/div>\n\n\n\n<div class=\"wp-block-columns is-layout-flex wp-container-core-columns-is-layout-9d6595d7 wp-block-columns-is-layout-flex\">\n<div class=\"wp-block-column is-vertically-aligned-center is-layout-flow wp-block-column-is-layout-flow\" style=\"padding-right:var(--wp--preset--spacing--80);flex-basis:20%\">\n<figure class=\"wp-block-image size-large\"><img loading=\"lazy\" decoding=\"async\" width=\"675\" height=\"1024\" src=\"https:\/\/www.mediraid.be\/fr\/wp-content\/uploads\/2025\/10\/pre_mathy-675x1024.jpeg\" alt=\"\" class=\"wp-image-1340\" srcset=\"https:\/\/www.mediraid.be\/fr\/wp-content\/uploads\/2025\/10\/pre_mathy-675x1024.jpeg 675w, https:\/\/www.mediraid.be\/fr\/wp-content\/uploads\/2025\/10\/pre_mathy-198x300.jpeg 198w, https:\/\/www.mediraid.be\/fr\/wp-content\/uploads\/2025\/10\/pre_mathy-16x24.jpeg 16w, https:\/\/www.mediraid.be\/fr\/wp-content\/uploads\/2025\/10\/pre_mathy-24x36.jpeg 24w, https:\/\/www.mediraid.be\/fr\/wp-content\/uploads\/2025\/10\/pre_mathy-32x48.jpeg 32w, https:\/\/www.mediraid.be\/fr\/wp-content\/uploads\/2025\/10\/pre_mathy.jpeg 740w\" sizes=\"auto, (max-width: 675px) 100vw, 675px\" \/><\/figure>\n<\/div>\n\n\n\n<div class=\"wp-block-column is-vertically-aligned-center is-layout-flow wp-block-column-is-layout-flow\">\n<h3 class=\"wp-block-heading\">Management Travaux Services (MTS Srl)<\/h3>\n\n\n\n<p>rue Pr\u00e9 Mathy 39 \/ 2<br>5170 Lesve (Profondeville)<br>Belgique<\/p>\n<\/div>\n<\/div>\n\n\n\n<p><\/p>\n\n\n\n<p><\/p>\n","protected":false},"excerpt":{"rendered":"<p>Soutiens techniques et logistiques Energy Assistance Boulevard Simon Bolivar 34-361000 BruxellesBelgique+32 (0)2.510.74.38energyassistance.asbl-vzw@engie.comhttps:\/\/energy-assistance.org\/fr\/ Brussels Airlines https:\/\/www.brusselsairlines.com\/ Pragmasoft asbl Rue Frans Van Cutsem 161140 BruxellesBelgiqueinfo@pragmasoft.behttps:\/\/www.pragmasoft.be sept g\u00e9n\u00e9rations Jean-C\u00e9dric Jacmart+32 496 12 57 58jeancedric@me.comhttps:\/\/www.desniepermaculture.com\/bureaudetudes Donateurs &amp; sponsors JL Cars Carrosserie toutes marques \u00e0 Vis\u00e9-Li\u00e8geAvenue de Navagne 584600 Vis\u00e9Belgique04 \/ 264 12 98info@garagejlcars.behttps:\/\/www.jlcarscarrosserievise.be Management Travaux Services (MTS Srl) rue&hellip;&nbsp;<a href=\"https:\/\/www.mediraid.be\/fr\/soutiens-de-mediraid\/\" rel=\"bookmark\">Lire la suite &raquo;<span class=\"screen-reader-text\">Soutiens &amp; sponsors<\/span><\/a><\/p>\n","protected":false},"author":1,"featured_media":0,"parent":0,"menu_order":0,"comment_status":"closed","ping_status":"closed","template":"","meta":{"inline_featured_image":false,"neve_meta_sidebar":"","neve_meta_container":"","neve_meta_enable_content_width":"","neve_meta_content_width":0,"neve_meta_title_alignment":"","neve_meta_author_avatar":"","neve_post_elements_order":"","neve_meta_disable_header":"","neve_meta_disable_footer":"","neve_meta_disable_title":"","iawp_total_views":14,"footnotes":""},"class_list":["post-1033","page","type-page","status-publish","hentry"],"_links":{"self":[{"href":"https:\/\/www.mediraid.be\/fr\/wp-json\/wp\/v2\/pages\/1033","targetHints":{"allow":["GET"]}}],"collection":[{"href":"https:\/\/www.mediraid.be\/fr\/wp-json\/wp\/v2\/pages"}],"about":[{"href":"https:\/\/www.mediraid.be\/fr\/wp-json\/wp\/v2\/types\/page"}],"author":[{"embeddable":true,"href":"https:\/\/www.mediraid.be\/fr\/wp-json\/wp\/v2\/users\/1"}],"replies":[{"embeddable":true,"href":"https:\/\/www.mediraid.be\/fr\/wp-json\/wp\/v2\/comments?post=1033"}],"version-history":[{"count":17,"href":"https:\/\/www.mediraid.be\/fr\/wp-json\/wp\/v2\/pages\/1033\/revisions"}],"predecessor-version":[{"id":1359,"href":"https:\/\/www.mediraid.be\/fr\/wp-json\/wp\/v2\/pages\/1033\/revisions\/1359"}],"wp:attachment":[{"href":"https:\/\/www.mediraid.be\/fr\/wp-json\/wp\/v2\/media?parent=1033"}],"curies":[{"name":"wp","href":"https:\/\/api.w.org\/{rel}","templated":true}]}}