{"id":25,"date":"2025-01-30T12:43:42","date_gmt":"2025-01-30T11:43:42","guid":{"rendered":"https:\/\/www.mediraid.be\/fr\/?page_id=25"},"modified":"2025-03-25T08:55:54","modified_gmt":"2025-03-25T07:55:54","slug":"accueil","status":"publish","type":"page","link":"https:\/\/www.mediraid.be\/fr\/","title":{"rendered":"Accueil"},"content":{"rendered":"\n<div style=\"height:40px\" aria-hidden=\"true\" class=\"wp-block-spacer\"><\/div>\n\n\n\n<div class=\"wp-block-columns is-layout-flex wp-container-core-columns-is-layout-9d6595d7 wp-block-columns-is-layout-flex\">\n<div class=\"wp-block-column is-layout-flow wp-block-column-is-layout-flow\" style=\"padding-top:0;padding-bottom:0;flex-basis:80%\">\n<h2 class=\"wp-block-heading\">Derni\u00e8res news<\/h2>\n\n\n<div class='pt-cv-wrapper'> <div class=\"pt-cv-view pt-cv-overlaygrid iscvblock iscvreal overlay3 layout1 cveffect-zoomin\" id=\"pt-cv-view-p1wiq9ad\"><div data-id=\"pt-cv-page-1\" class=\"pt-cv-page\" data-cvc=\"4\"><div class=\" pt-cv-content-item pt-cv-1-col cv-main-post\" ><div class=\"pt-cv-thumb-wrapper  \"><a href=\"https:\/\/www.mediraid.be\/fr\/2026\/02\/15\/base-news-3\/\" class=\"_self pt-cv-href-thumbnail pt-cv-thumb-default\" target=\"_self\" ><img loading=\"lazy\" decoding=\"async\" width=\"754\" height=\"1024\" src=\"https:\/\/www.mediraid.be\/fr\/wp-content\/uploads\/2026\/02\/2026_02_15_rapdac-754x1024.png\" class=\"pt-cv-thumbnail\" alt=\"\" \/><\/a><\/div>\n<div class=\"pt-cv-overlay-wrapper\"><h4 class=\"pt-cv-title\"><a href=\"https:\/\/www.mediraid.be\/fr\/2026\/02\/15\/base-news-3\/\" class=\"_self\" target=\"_self\" >15 f\u00e9vrier 2026 &#8211; Le rapport d&rsquo;activit\u00e9 2024-2025 est sorti !<\/a><\/h4><div class=\"pt-cv-rmwrap\"><a href=\"https:\/\/www.mediraid.be\/fr\/2026\/02\/15\/base-news-3\/\" class=\"_self pt-cv-readmore btn btn-success\" target=\"_self\" >Lire la suite\u2026<\/a><\/div><\/div><\/div>\n<div class=\" pt-cv-content-item pt-cv-1-col\" ><div class=\"pt-cv-thumb-wrapper  miniwrap\"><a href=\"https:\/\/www.mediraid.be\/fr\/2026\/01\/28\/21-fevrier-soiree-de-soutien\/\" class=\"_self pt-cv-href-thumbnail pt-cv-thumb-default\" target=\"_self\" ><img loading=\"lazy\" decoding=\"async\" width=\"768\" height=\"960\" src=\"https:\/\/www.mediraid.be\/fr\/wp-content\/uploads\/2026\/01\/2026_02_21_cabaret-768x960.jpg\" class=\"pt-cv-thumbnail pt-cv-thumbnailsm\" alt=\"\" \/><\/a><\/div>\n<div class=\"pt-cv-overlay-wrapper\"><h4 class=\"pt-cv-title pt-cv-titlesm\"><a href=\"https:\/\/www.mediraid.be\/fr\/2026\/01\/28\/21-fevrier-soiree-de-soutien\/\" class=\"_self\" target=\"_self\" >21 f\u00e9vrier &#8211; Soir\u00e9e de soutien<\/a><\/h4><div class=\"pt-cv-rmwrap\"><a href=\"https:\/\/www.mediraid.be\/fr\/2026\/01\/28\/21-fevrier-soiree-de-soutien\/\" class=\"_self pt-cv-readmore btn btn-success\" target=\"_self\" >Lire La Suite\u2026<\/a><\/div><\/div><\/div>\n<div class=\" pt-cv-content-item pt-cv-1-col\" ><div class=\"pt-cv-thumb-wrapper  miniwrap\"><a href=\"https:\/\/www.mediraid.be\/fr\/2025\/11\/23\/23-novembre-lechographe-a-redemarre\/\" class=\"_self pt-cv-href-thumbnail pt-cv-thumb-default\" target=\"_self\" ><img loading=\"lazy\" decoding=\"async\" width=\"768\" height=\"1024\" src=\"https:\/\/www.mediraid.be\/fr\/wp-content\/uploads\/2025\/11\/Sans-titre-768x1024.jpeg\" class=\"pt-cv-thumbnail pt-cv-thumbnailsm\" alt=\"\" \/><\/a><\/div>\n<div class=\"pt-cv-overlay-wrapper\"><h4 class=\"pt-cv-title pt-cv-titlesm\"><a href=\"https:\/\/www.mediraid.be\/fr\/2025\/11\/23\/23-novembre-lechographe-a-redemarre\/\" class=\"_self\" target=\"_self\" >23 novembre &#8211; l&rsquo;\u00e9chographe a red\u00e9marr\u00e9<\/a><\/h4><div class=\"pt-cv-rmwrap\"><a href=\"https:\/\/www.mediraid.be\/fr\/2025\/11\/23\/23-novembre-lechographe-a-redemarre\/\" class=\"_self pt-cv-readmore btn btn-success\" target=\"_self\" >Lire La Suite\u2026<\/a><\/div><\/div><\/div>\n<div class=\" pt-cv-content-item pt-cv-1-col\" ><div class=\"pt-cv-thumb-wrapper  miniwrap\"><a href=\"https:\/\/www.mediraid.be\/fr\/2025\/11\/23\/20-novembre-depart-1ere-equipe\/\" class=\"_self pt-cv-href-thumbnail pt-cv-thumb-default\" target=\"_self\" ><img loading=\"lazy\" decoding=\"async\" width=\"768\" height=\"576\" src=\"https:\/\/www.mediraid.be\/fr\/wp-content\/uploads\/2025\/11\/2025_11_20_zaventem-768x576.jpeg\" class=\"pt-cv-thumbnail pt-cv-thumbnailsm\" alt=\"\" \/><\/a><\/div>\n<div class=\"pt-cv-overlay-wrapper\"><h4 class=\"pt-cv-title pt-cv-titlesm\"><a href=\"https:\/\/www.mediraid.be\/fr\/2025\/11\/23\/20-novembre-depart-1ere-equipe\/\" class=\"_self\" target=\"_self\" >20 novembre &#8211; d\u00e9part 1\u00e8re \u00e9quipe !<\/a><\/h4><div class=\"pt-cv-rmwrap\"><a href=\"https:\/\/www.mediraid.be\/fr\/2025\/11\/23\/20-novembre-depart-1ere-equipe\/\" class=\"_self pt-cv-readmore btn btn-success\" target=\"_self\" >Lire La Suite\u2026<\/a><\/div><\/div><\/div><\/div><\/div> <\/div> <style>\n#pt-cv-view-p1wiq9ad {text-align: left}#pt-cv-view-p1wiq9ad .pt-cv-thumb-wrapper::before {background: var(--nv-primary-accent); opacity: 0;}#pt-cv-view-p1wiq9ad .pt-cv-overlay-wrapper {justify-content: center;}\n#pt-cv-view-p1wiq9ad { margin: 0px 0px 0px 0px;padding: 0px 0px 0px 0px;border-radius: 0px 0px 0px 0px; }#pt-cv-view-p1wiq9ad .pt-cv-meta-fields {  }#pt-cv-view-p1wiq9ad .pt-cv-meta-fields * { font-size: 13px; }#pt-cv-view-p1wiq9ad .pt-cv-thumb-wrapper {  }#pt-cv-view-p1wiq9ad[class*=\"cveffect\"] .pt-cv-thumb-wrapper, #pt-cv-view-p1wiq9ad:not([class*=\"cveffect\"]) .pt-cv-thumbnail { border-radius: 5px 5px 5px 5px; }#pt-cv-view-p1wiq9ad .pt-cv-thumbnail {  }#pt-cv-view-p1wiq9ad .pt-cv-title a { display: block;color: var(--nv-secondary-accent);background-color: #ffefdbe8;border-style: none;margin: 0px 0px 0px 0px;padding: 10px 10px 10px 10px;border-width: 1px 1px 1px 1px;border-radius: 5px 5px 5px 5px;box-shadow: -1px -1px -1px -1px ; }#pt-cv-view-p1wiq9ad .pt-cv-title:not(.pt-cv-titlesm) a { font-weight: 600;text-decoration: none;font-size: 26px; }#pt-cv-view-p1wiq9ad .pt-cv-titlesm a { font-weight: 600;font-size: 20px; }#pt-cv-view-p1wiq9ad .pt-cv-content { color: var(--nv-site-bg);background-color: #c97a5b1f;font-size: 15px;padding: 2px 2px 2px 2px; }#pt-cv-view-p1wiq9ad .pt-cv-rmwrap {  }#pt-cv-view-p1wiq9ad .pt-cv-readmore { color: #fff;background-color: var(--nv-c-1);font-size: 14px;border-radius: 5px 5px 5px 5px; }#pt-cv-view-p1wiq9ad .pt-cv-taxoterm { margin: 0px 0px 20px 0px; }#pt-cv-view-p1wiq9ad .pt-cv-taxoterm * { color: #222;background-color: #fff6f6;font-size: 14px; }#pt-cv-view-p1wiq9ad + .pt-cv-pagination-wrapper {  }#pt-cv-view-p1wiq9ad + .pt-cv-pagination-wrapper a { font-size: 14px; }#pt-cv-view-p1wiq9ad > .pt-cv-page {grid-template-columns: repeat(4, 1fr);grid-auto-rows: 250px;grid-gap: 10px;}\n@media all and (max-width: 1024px) { \n#pt-cv-view-p1wiq9ad > .pt-cv-page {grid-template-columns: repeat(4, 1fr);}\n} \n@media all and (max-width: 767px) { \n#pt-cv-view-p1wiq9ad > .pt-cv-page {grid-template-columns: repeat(1, 1fr);}\n} <\/style><\/div>\n\n\n\n<div class=\"wp-block-column is-vertically-aligned-top is-layout-flow wp-block-column-is-layout-flow\">\n<div class=\"wp-block-buttons is-vertical is-content-justification-center is-nowrap is-layout-flex wp-container-core-buttons-is-layout-534da0b3 wp-block-buttons-is-layout-flex\">\n<div class=\"wp-block-button has-custom-width wp-block-button__width-75 is-style-primary\"><a class=\"wp-block-button__link has-text-align-center wp-element-button\" href=\"https:\/\/www.mediraid.be\/fr\/a-propos\/\">Mediraid<\/a><\/div>\n\n\n\n<div class=\"wp-block-button has-custom-width wp-block-button__width-75 is-style-primary\"><a class=\"wp-block-button__link wp-element-button\" href=\"https:\/\/www.mediraid.be\/fr\/soutien\/\">Soutien<\/a><\/div>\n<\/div>\n\n\n\n<div style=\"height:10px\" aria-hidden=\"true\" class=\"wp-block-spacer\"><\/div>\n\n\n<div class=\"wp-block-image\">\n<figure class=\"aligncenter size-full is-resized\"><a href=\"https:\/\/www.facebook.com\/asbl.mediraid\"><img loading=\"lazy\" decoding=\"async\" width=\"100\" height=\"100\" src=\"https:\/\/www.mediraid.be\/fr\/wp-content\/uploads\/2025\/01\/button_fb.png\" alt=\"\" class=\"wp-image-67\" style=\"width:52px;height:auto\"\/><\/a><\/figure>\n<\/div><\/div>\n<\/div>\n\n\n\n<div class=\"wp-block-buttons is-layout-flex wp-block-buttons-is-layout-flex\">\n<div class=\"wp-block-button is-style-primary\"><a class=\"wp-block-button__link wp-element-button\" href=\"https:\/\/www.mediraid.be\/fr\/actualites\/\">Toutes les news&#8230;<\/a><\/div>\n<\/div>\n\n\n\n<div style=\"height:42px\" aria-hidden=\"true\" class=\"wp-block-spacer\"><\/div>\n\n\n\n<hr class=\"wp-block-separator has-alpha-channel-opacity\"\/>\n\n\n\n<p><\/p>\n","protected":false},"excerpt":{"rendered":"<p>Derni\u00e8res news<\/p>\n","protected":false},"author":1,"featured_media":0,"parent":0,"menu_order":0,"comment_status":"closed","ping_status":"closed","template":"","meta":{"inline_featured_image":false,"neve_meta_sidebar":"","neve_meta_container":"","neve_meta_enable_content_width":"on","neve_meta_content_width":100,"neve_meta_title_alignment":"","neve_meta_author_avatar":"","neve_post_elements_order":"","neve_meta_disable_header":"","neve_meta_disable_footer":"","neve_meta_disable_title":"on","iawp_total_views":1248,"footnotes":""},"class_list":["post-25","page","type-page","status-publish","hentry"],"_links":{"self":[{"href":"https:\/\/www.mediraid.be\/fr\/wp-json\/wp\/v2\/pages\/25","targetHints":{"allow":["GET"]}}],"collection":[{"href":"https:\/\/www.mediraid.be\/fr\/wp-json\/wp\/v2\/pages"}],"about":[{"href":"https:\/\/www.mediraid.be\/fr\/wp-json\/wp\/v2\/types\/page"}],"author":[{"embeddable":true,"href":"https:\/\/www.mediraid.be\/fr\/wp-json\/wp\/v2\/users\/1"}],"replies":[{"embeddable":true,"href":"https:\/\/www.mediraid.be\/fr\/wp-json\/wp\/v2\/comments?post=25"}],"version-history":[{"count":79,"href":"https:\/\/www.mediraid.be\/fr\/wp-json\/wp\/v2\/pages\/25\/revisions"}],"predecessor-version":[{"id":858,"href":"https:\/\/www.mediraid.be\/fr\/wp-json\/wp\/v2\/pages\/25\/revisions\/858"}],"wp:attachment":[{"href":"https:\/\/www.mediraid.be\/fr\/wp-json\/wp\/v2\/media?parent=25"}],"curies":[{"name":"wp","href":"https:\/\/api.w.org\/{rel}","templated":true}]}}