{"id":250,"date":"2025-02-21T09:53:41","date_gmt":"2025-02-21T08:53:41","guid":{"rendered":"https:\/\/www.mediraid.be\/fr\/?page_id=250"},"modified":"2025-02-28T10:28:40","modified_gmt":"2025-02-28T09:28:40","slug":"contact-2","status":"publish","type":"page","link":"https:\/\/www.mediraid.be\/fr\/contact-2\/","title":{"rendered":"Contact"},"content":{"rendered":"\n<div class=\"wp-block-columns is-layout-flex wp-container-core-columns-is-layout-9d6595d7 wp-block-columns-is-layout-flex\">\n<div class=\"wp-block-column is-vertically-aligned-stretch is-layout-flow wp-block-column-is-layout-flow\" style=\"flex-basis:20%\"><div class=\"wp-block-image\">\n<figure class=\"aligncenter size-full is-resized\"><a href=\"https:\/\/www.mediraid.be\/fr\/wp-content\/uploads\/2025\/02\/logo_mediraid_fond_blanc_500.png\"><img loading=\"lazy\" decoding=\"async\" width=\"500\" height=\"500\" src=\"https:\/\/www.mediraid.be\/fr\/wp-content\/uploads\/2025\/02\/logo_mediraid_fond_blanc_500.png\" alt=\"\" class=\"wp-image-119\" style=\"width:180px;height:auto\" srcset=\"https:\/\/www.mediraid.be\/fr\/wp-content\/uploads\/2025\/02\/logo_mediraid_fond_blanc_500.png 500w, https:\/\/www.mediraid.be\/fr\/wp-content\/uploads\/2025\/02\/logo_mediraid_fond_blanc_500-300x300.png 300w, https:\/\/www.mediraid.be\/fr\/wp-content\/uploads\/2025\/02\/logo_mediraid_fond_blanc_500-150x150.png 150w\" sizes=\"auto, (max-width: 500px) 100vw, 500px\" \/><\/a><\/figure>\n<\/div><\/div>\n\n\n\n<div class=\"wp-block-column is-layout-flow wp-block-column-is-layout-flow\" style=\"padding-left:2rem\">\n<p><strong>Mediraid asbl<\/strong><br>Rue Emile Mazy 2<br>5170 Profondeville<br>BELGIQUE<br>+32 475 944 262   <a href=\"mailto:contact@mediraid.be\">contact@mediraid.be<\/a><br>N\u00b0 d&rsquo;entreprise : 0880.948.456<br>IBAN : BE80 0882 3852 1577 BIC : GKCCBEBBXXX<\/p>\n<\/div>\n\n\n\n<div class=\"wp-block-column is-layout-flow wp-block-column-is-layout-flow\" style=\"flex-basis:80px\"><div class=\"wp-block-image\">\n<figure class=\"aligncenter size-full\"><a href=\"https:\/\/www.facebook.com\/asbl.mediraid\"><img loading=\"lazy\" decoding=\"async\" width=\"100\" height=\"100\" src=\"https:\/\/www.mediraid.be\/fr\/wp-content\/uploads\/2025\/01\/button_fb.png\" alt=\"\" class=\"wp-image-67\"\/><\/a><\/figure>\n<\/div><\/div>\n<\/div>\n\n\n\n<hr class=\"wp-block-separator has-alpha-channel-opacity\"\/>\n\n\n\n<div class=\"wp-block-columns is-layout-flex wp-container-core-columns-is-layout-9d6595d7 wp-block-columns-is-layout-flex\">\n<div class=\"wp-block-column has-nv-c-2-background-color has-background is-layout-flow wp-block-column-is-layout-flow\" style=\"border-radius:30px;padding-top:var(--wp--preset--spacing--50);padding-right:var(--wp--preset--spacing--50);padding-bottom:var(--wp--preset--spacing--50);padding-left:var(--wp--preset--spacing--50)\">\n<h3 class=\"wp-block-heading\">Formulaire de contact<\/h3>\n\n\n<div class=\"forminator-ui forminator-custom-form forminator-custom-form-414 forminator-design--default  forminator_ajax\" data-forminator-render=\"0\" data-form=\"forminator-module-414\" data-uid=\"69e383fd7ce65\"><br\/><\/div><form\n\t\t\t\tid=\"forminator-module-414\"\n\t\t\t\tclass=\"forminator-ui forminator-custom-form forminator-custom-form-414 forminator-design--default  forminator_ajax\"\n\t\t\t\tmethod=\"post\"\n\t\t\t\tdata-forminator-render=\"0\"\n\t\t\t\tdata-form-id=\"414\"\n\t\t\t\tenctype=\"multipart\/form-data\" data-color-option=\"theme\" data-design=\"default\" data-grid=\"open\" style=\"display: none;\"\n\t\t\t\tdata-uid=\"69e383fd7ce65\"\n\t\t\t><div role=\"alert\" aria-live=\"polite\" class=\"forminator-response-message forminator-error\" aria-hidden=\"true\"><\/div><div class=\"forminator-row\"><div id=\"name-1\" class=\"forminator-field-name forminator-col forminator-col-12 \"><div class=\"forminator-field\"><label for=\"forminator-field-name-1_69e383fd7ce65\" id=\"forminator-field-name-1_69e383fd7ce65-label\" class=\"forminator-label\">Pr\u00e9nom <span class=\"forminator-required\">*<\/span><\/label><input type=\"text\" name=\"name-1\" value=\"\" placeholder=\"Par exemple\u00a0: G\u00e9rard\" id=\"forminator-field-name-1_69e383fd7ce65\" class=\"forminator-input forminator-name--field\" aria-required=\"true\" autocomplete=\"name\" \/><\/div><\/div><\/div><div class=\"forminator-row\"><div id=\"name-2\" class=\"forminator-field-name forminator-col forminator-col-12 \"><div class=\"forminator-field\"><label for=\"forminator-field-name-2_69e383fd7ce65\" id=\"forminator-field-name-2_69e383fd7ce65-label\" class=\"forminator-label\">Nom <span class=\"forminator-required\">*<\/span><\/label><input type=\"text\" name=\"name-2\" value=\"\" placeholder=\"Par exemple\u00a0: Delacroix\" id=\"forminator-field-name-2_69e383fd7ce65\" class=\"forminator-input forminator-name--field\" aria-required=\"true\" autocomplete=\"name\" \/><\/div><\/div><\/div><div class=\"forminator-row\"><div id=\"email-1\" class=\"forminator-field-email forminator-col forminator-col-12 \"><div class=\"forminator-field\"><label for=\"forminator-field-email-1_69e383fd7ce65\" id=\"forminator-field-email-1_69e383fd7ce65-label\" class=\"forminator-label\">Adresse de messagerie <span class=\"forminator-required\">*<\/span><\/label><input type=\"email\" name=\"email-1\" value=\"\" placeholder=\"Par exemple\u00a0: gerard.delacroix@mediraid.be\" id=\"forminator-field-email-1_69e383fd7ce65\" class=\"forminator-input forminator-email--field\" data-required=\"true\" aria-required=\"true\" autocomplete=\"email\" \/><\/div><\/div><\/div><div class=\"forminator-row\"><div id=\"textarea-1\" class=\"forminator-field-textarea forminator-col forminator-col-12 \"><div class=\"forminator-field\"><label for=\"forminator-field-textarea-1_69e383fd7ce65\" id=\"forminator-field-textarea-1_69e383fd7ce65-label\" class=\"forminator-label\">Message<\/label><textarea name=\"textarea-1\" placeholder=\"Saisissez votre message\u2026\" id=\"forminator-field-textarea-1_69e383fd7ce65\" class=\"forminator-textarea\" rows=\"6\" style=\"min-height:140px;\" maxlength=\"180\" ><\/textarea><span id=\"forminator-field-textarea-1_69e383fd7ce65-description\" class=\"forminator-description\"><span data-limit=\"180\" data-type=\"characters\" data-editor=\"\">0 \/ 180<\/span><\/span><\/div><\/div><\/div><div class=\"forminator-row\"><div id=\"upload-1\" class=\"forminator-field-upload forminator-col forminator-col-12 \"><div class=\"forminator-field\"><label for=\"forminator-field-upload-1_69e383fd7ce65\" id=\"forminator-field-upload-1_69e383fd7ce65-label\" class=\"forminator-label\">T\u00e9l\u00e9verser un fichier<\/label><div class=\"forminator-file-upload \" data-element=\"upload-1_69e383fd7ce65\"><input type=\"file\" name=\"upload-1\" id=\"forminator-field-upload-1_69e383fd7ce65\" class=\"forminator-input-file\" accept=\".jpg,.jpeg,.jpe,.gif,.png,.bmp,.tiff,.tif,.webp,.avif,.ico,.heic,.heif,.heics,.heifs,.asf,.asx,.wmv,.wmx,.wm,.avi,.divx,.flv,.mov,.qt,.mpeg,.mpg,.mpe,.mp4,.m4v,.ogv,.webm,.mkv,.3gp,.3gpp,.3g2,.3gp2,.txt,.asc,.c,.cc,.h,.srt,.csv,.tsv,.ics,.rtx,.vtt,.mp3,.m4a,.m4b,.aac,.ra,.ram,.wav,.ogg,.oga,.flac,.mid,.midi,.wma,.wax,.mka,.rtf,.pdf,.class,.tar,.zip,.gz,.gzip,.7z,.psd,.xcf,.doc,.pot,.pps,.ppt,.wri,.xla,.xls,.xlt,.xlw,.mdb,.mpp,.docx,.docm,.dotx,.dotm,.xlsx,.xlsm,.xlsb,.xltx,.xltm,.xlam,.pptx,.pptm,.ppsx,.ppsm,.potx,.potm,.ppam,.sldx,.sldm,.onetoc,.onetoc2,.onetmp,.onepkg,.oxps,.xps,.odt,.odp,.ods,.odg,.odc,.odb,.odf,.wp,.wpd,.key,.numbers,.pages,.svgz\" tabindex=\"-1\"><button id=\"forminator-field-upload-1_69e383fd7ce65_button\" class=\"forminator-button forminator-button-upload\" data-id=\"forminator-field-upload-1_69e383fd7ce65\">Choisissez un fichier<\/button><span data-empty-text=\"Aucun fichier s\u00e9lectionn\u00e9\">Aucun fichier s\u00e9lectionn\u00e9<\/span><button class=\"forminator-button-delete\" style=\"display: none;\"><i class=\"forminator-icon-close\" aria-hidden=\"true\"><\/i><span class=\"forminator-screen-reader-only\">Supprimer le fichier t\u00e9l\u00e9vers\u00e9<\/span><\/button><\/div><\/div><\/div><\/div><div class=\"forminator-row\"><div id=\"captcha-1\" class=\"forminator-field-captcha forminator-col forminator-col-12 \">\t\t<input\n\t\t\t\ttype=\"hidden\"\n\t\t\t\tclass=\"hcaptcha-widget-id\"\n\t\t\t\tname=\"hcaptcha-widget-id\"\n\t\t\t\tvalue=\"eyJzb3VyY2UiOlsiZm9ybWluYXRvclwvZm9ybWluYXRvci5waHAiXSwiZm9ybV9pZCI6NDE0fQ==-ddfd5fc3cd21db195de788ea333dbb3b\">\n\t\t\t\t<h-captcha\n\t\t\tclass=\"h-captcha\"\n\t\t\tdata-sitekey=\"6bc0686c-d6c6-4312-921a-d3a422ec87c8\"\n\t\t\tdata-theme=\"light\"\n\t\t\tdata-size=\"normal\"\n\t\t\tdata-auto=\"false\"\n\t\t\tdata-ajax=\"false\"\n\t\t\tdata-force=\"false\">\n\t\t<\/h-captcha>\n\t\t<input type=\"hidden\" id=\"hcaptcha_forminator_nonce\" name=\"hcaptcha_forminator_nonce\" value=\"833dc4c1b8\" \/><input type=\"hidden\" name=\"_wp_http_referer\" value=\"\/fr\/wp-json\/wp\/v2\/pages\/250\" \/><\/div><\/div><input type=\"hidden\" name=\"referer_url\" value=\"\" \/><div class=\"forminator-row forminator-row-last\"><div class=\"forminator-col\"><div class=\"forminator-field\"><button class=\"forminator-button forminator-button-submit\">Envoyer le message<\/button><\/div><\/div><\/div><input type=\"hidden\" id=\"forminator_nonce\" name=\"forminator_nonce\" value=\"35b530c327\" \/><input type=\"hidden\" name=\"_wp_http_referer\" value=\"\/fr\/wp-json\/wp\/v2\/pages\/250\" \/><input type=\"hidden\" name=\"form_id\" value=\"414\"><input type=\"hidden\" name=\"page_id\" value=\"250\"><input type=\"hidden\" name=\"form_type\" value=\"default\"><input type=\"hidden\" name=\"current_url\" value=\"https:\/\/www.mediraid.be\/fr\/contact-2\/\"><input type=\"hidden\" name=\"render_id\" value=\"0\"><input type=\"hidden\" name=\"action\" value=\"forminator_submit_form_custom-forms\"><\/form>\n<\/div>\n<\/div>\n\n\n\n<p><\/p>\n","protected":false},"excerpt":{"rendered":"<p>Mediraid asblRue Emile Mazy 25170 ProfondevilleBELGIQUE+32 475 944 262 contact@mediraid.beN\u00b0 d&rsquo;entreprise : 0880.948.456IBAN : BE80 0882 3852 1577 BIC : GKCCBEBBXXX Formulaire de contact<\/p>\n","protected":false},"author":1,"featured_media":0,"parent":0,"menu_order":0,"comment_status":"closed","ping_status":"closed","template":"","meta":{"inline_featured_image":false,"neve_meta_sidebar":"","neve_meta_container":"","neve_meta_enable_content_width":"","neve_meta_content_width":0,"neve_meta_title_alignment":"","neve_meta_author_avatar":"","neve_post_elements_order":"","neve_meta_disable_header":"","neve_meta_disable_footer":"","neve_meta_disable_title":"","iawp_total_views":190,"footnotes":""},"class_list":["post-250","page","type-page","status-publish","hentry"],"_links":{"self":[{"href":"https:\/\/www.mediraid.be\/fr\/wp-json\/wp\/v2\/pages\/250","targetHints":{"allow":["GET"]}}],"collection":[{"href":"https:\/\/www.mediraid.be\/fr\/wp-json\/wp\/v2\/pages"}],"about":[{"href":"https:\/\/www.mediraid.be\/fr\/wp-json\/wp\/v2\/types\/page"}],"author":[{"embeddable":true,"href":"https:\/\/www.mediraid.be\/fr\/wp-json\/wp\/v2\/users\/1"}],"replies":[{"embeddable":true,"href":"https:\/\/www.mediraid.be\/fr\/wp-json\/wp\/v2\/comments?post=250"}],"version-history":[{"count":16,"href":"https:\/\/www.mediraid.be\/fr\/wp-json\/wp\/v2\/pages\/250\/revisions"}],"predecessor-version":[{"id":676,"href":"https:\/\/www.mediraid.be\/fr\/wp-json\/wp\/v2\/pages\/250\/revisions\/676"}],"wp:attachment":[{"href":"https:\/\/www.mediraid.be\/fr\/wp-json\/wp\/v2\/media?parent=250"}],"curies":[{"name":"wp","href":"https:\/\/api.w.org\/{rel}","templated":true}]}}