{"id":254,"date":"2025-02-21T09:54:12","date_gmt":"2025-02-21T08:54:12","guid":{"rendered":"https:\/\/www.mediraid.be\/fr\/?page_id=254"},"modified":"2025-10-21T11:23:45","modified_gmt":"2025-10-21T09:23:45","slug":"don-materiel","status":"publish","type":"page","link":"https:\/\/www.mediraid.be\/fr\/don-materiel\/","title":{"rendered":"Don de mat\u00e9riel"},"content":{"rendered":"\n<h3 class=\"wp-block-heading\">Nous sommes actuellement \u00e0 la recherche de&#8230;<\/h3>\n\n\n\n<p><\/p>\n\n\n\n<div class=\"wp-block-columns is-layout-flex wp-container-core-columns-is-layout-9d6595d7 wp-block-columns-is-layout-flex\">\n<div class=\"wp-block-column is-vertically-aligned-center is-layout-flow wp-block-column-is-layout-flow\" style=\"flex-basis:60%\">\n<p>15\/10\/2025 : Un lecteur de glyc\u00e9mie Accu Check Guide ( et pas un autre!!). Nous venons de recevoir 200 tigettes non p\u00e9rim\u00e9es et sans le lecteur !!<\/p>\n\n\n\n<p>Quelqu\u2019un aurait-il cela dans ses armoires ?<\/p>\n<\/div>\n\n\n\n<div class=\"wp-block-column is-vertically-aligned-center is-layout-flow wp-block-column-is-layout-flow\" style=\"padding-right:var(--wp--preset--spacing--40);padding-left:var(--wp--preset--spacing--40);flex-basis:40%\"><div class=\"wp-block-image\">\n<figure class=\"aligncenter size-full is-resized has-custom-border\"><img loading=\"lazy\" decoding=\"async\" width=\"1536\" height=\"2048\" src=\"https:\/\/www.mediraid.be\/fr\/wp-content\/uploads\/2025\/10\/2025_10_15_accucheck-1.jpg\" alt=\"\" class=\"wp-image-1331\" style=\"border-radius:30px;width:350px\" srcset=\"https:\/\/www.mediraid.be\/fr\/wp-content\/uploads\/2025\/10\/2025_10_15_accucheck-1.jpg 1536w, https:\/\/www.mediraid.be\/fr\/wp-content\/uploads\/2025\/10\/2025_10_15_accucheck-1-225x300.jpg 225w, https:\/\/www.mediraid.be\/fr\/wp-content\/uploads\/2025\/10\/2025_10_15_accucheck-1-768x1024.jpg 768w, https:\/\/www.mediraid.be\/fr\/wp-content\/uploads\/2025\/10\/2025_10_15_accucheck-1-1152x1536.jpg 1152w, https:\/\/www.mediraid.be\/fr\/wp-content\/uploads\/2025\/10\/2025_10_15_accucheck-1-18x24.jpg 18w, https:\/\/www.mediraid.be\/fr\/wp-content\/uploads\/2025\/10\/2025_10_15_accucheck-1-27x36.jpg 27w, https:\/\/www.mediraid.be\/fr\/wp-content\/uploads\/2025\/10\/2025_10_15_accucheck-1-36x48.jpg 36w\" sizes=\"auto, (max-width: 1536px) 100vw, 1536px\" \/><\/figure>\n<\/div><\/div>\n<\/div>\n\n\n\n<div class=\"wp-block-columns is-layout-flex wp-container-core-columns-is-layout-9d6595d7 wp-block-columns-is-layout-flex\">\n<div class=\"wp-block-column is-vertically-aligned-center is-layout-flow wp-block-column-is-layout-flow\" style=\"flex-basis:60%\">\n<p>03 \/ 08 \/2025 : mat\u00e9riel \u00e9lectrique si possible \u00e0 encastrer ( prises , interrupteurs, c\u00e2bles , tableaux \u00e9lectriques, luminaires led )..<\/p>\n\n\n\n<p>Si quelqu\u2019un conna\u00eet une fin des stock , ou une fin de chantier&#8230;<\/p>\n<\/div>\n\n\n\n<div class=\"wp-block-column is-vertically-aligned-center is-layout-flow wp-block-column-is-layout-flow\" style=\"padding-right:var(--wp--preset--spacing--40);padding-left:var(--wp--preset--spacing--40);flex-basis:40%\"><div class=\"wp-block-image\">\n<figure class=\"aligncenter size-full is-resized has-custom-border\"><img loading=\"lazy\" decoding=\"async\" width=\"654\" height=\"758\" src=\"https:\/\/www.mediraid.be\/fr\/wp-content\/uploads\/2025\/10\/2025_08_03_elec.png\" alt=\"\" class=\"wp-image-1338\" style=\"border-radius:30px;width:350px\" srcset=\"https:\/\/www.mediraid.be\/fr\/wp-content\/uploads\/2025\/10\/2025_08_03_elec.png 654w, https:\/\/www.mediraid.be\/fr\/wp-content\/uploads\/2025\/10\/2025_08_03_elec-259x300.png 259w, https:\/\/www.mediraid.be\/fr\/wp-content\/uploads\/2025\/10\/2025_08_03_elec-21x24.png 21w, https:\/\/www.mediraid.be\/fr\/wp-content\/uploads\/2025\/10\/2025_08_03_elec-31x36.png 31w, https:\/\/www.mediraid.be\/fr\/wp-content\/uploads\/2025\/10\/2025_08_03_elec-41x48.png 41w\" sizes=\"auto, (max-width: 654px) 100vw, 654px\" \/><\/figure>\n<\/div><\/div>\n<\/div>\n\n\n\n<div class=\"wp-block-columns is-layout-flex wp-container-core-columns-is-layout-9d6595d7 wp-block-columns-is-layout-flex\">\n<div class=\"wp-block-column is-vertically-aligned-center is-layout-flow wp-block-column-is-layout-flow\" style=\"flex-basis:60%\">\n<p>Dans le cadre du projet Senalicament, nous cherchons des <strong>racks de rangement m\u00e9tallique<\/strong> de magasin type alimentation dans le genre de celui ci-contre&#8230;<\/p>\n<\/div>\n\n\n\n<div class=\"wp-block-column is-vertically-aligned-center is-layout-flow wp-block-column-is-layout-flow\" style=\"padding-right:var(--wp--preset--spacing--40);padding-left:var(--wp--preset--spacing--40);flex-basis:40%\"><div class=\"wp-block-image\">\n<figure class=\"aligncenter size-full is-resized has-custom-border\"><img loading=\"lazy\" decoding=\"async\" width=\"809\" height=\"701\" src=\"https:\/\/www.mediraid.be\/fr\/wp-content\/uploads\/2025\/02\/2025_02_dons_rack-1.jpg\" alt=\"\" class=\"wp-image-596\" style=\"border-radius:30px;width:350px\" srcset=\"https:\/\/www.mediraid.be\/fr\/wp-content\/uploads\/2025\/02\/2025_02_dons_rack-1.jpg 809w, https:\/\/www.mediraid.be\/fr\/wp-content\/uploads\/2025\/02\/2025_02_dons_rack-1-300x260.jpg 300w, https:\/\/www.mediraid.be\/fr\/wp-content\/uploads\/2025\/02\/2025_02_dons_rack-1-768x665.jpg 768w, https:\/\/www.mediraid.be\/fr\/wp-content\/uploads\/2025\/02\/2025_02_dons_rack-1-24x21.jpg 24w, https:\/\/www.mediraid.be\/fr\/wp-content\/uploads\/2025\/02\/2025_02_dons_rack-1-36x31.jpg 36w, https:\/\/www.mediraid.be\/fr\/wp-content\/uploads\/2025\/02\/2025_02_dons_rack-1-48x42.jpg 48w\" sizes=\"auto, (max-width: 809px) 100vw, 809px\" \/><\/figure>\n<\/div><\/div>\n<\/div>\n\n\n\n<div class=\"wp-block-columns is-layout-flex wp-container-core-columns-is-layout-9d6595d7 wp-block-columns-is-layout-flex\">\n<div class=\"wp-block-column is-vertically-aligned-center is-layout-flow wp-block-column-is-layout-flow\" style=\"flex-basis:60%\">\n<p>Et aussi des <strong>racks pour palettes<\/strong><\/p>\n<\/div>\n\n\n\n<div class=\"wp-block-column is-vertically-aligned-center is-layout-flow wp-block-column-is-layout-flow\" style=\"padding-right:var(--wp--preset--spacing--40);padding-left:var(--wp--preset--spacing--40);flex-basis:40%\"><div class=\"wp-block-image\">\n<figure class=\"aligncenter size-full is-resized has-custom-border\"><img loading=\"lazy\" decoding=\"async\" width=\"514\" height=\"514\" src=\"https:\/\/www.mediraid.be\/fr\/wp-content\/uploads\/2025\/04\/rack-palette.jpg\" alt=\"\" class=\"has-border-color has-neve-link-color-border-color wp-image-882\" style=\"border-width:1px;border-radius:30px;width:350px\" srcset=\"https:\/\/www.mediraid.be\/fr\/wp-content\/uploads\/2025\/04\/rack-palette.jpg 514w, https:\/\/www.mediraid.be\/fr\/wp-content\/uploads\/2025\/04\/rack-palette-300x300.jpg 300w, https:\/\/www.mediraid.be\/fr\/wp-content\/uploads\/2025\/04\/rack-palette-150x150.jpg 150w, https:\/\/www.mediraid.be\/fr\/wp-content\/uploads\/2025\/04\/rack-palette-24x24.jpg 24w, https:\/\/www.mediraid.be\/fr\/wp-content\/uploads\/2025\/04\/rack-palette-36x36.jpg 36w, https:\/\/www.mediraid.be\/fr\/wp-content\/uploads\/2025\/04\/rack-palette-48x48.jpg 48w\" sizes=\"auto, (max-width: 514px) 100vw, 514px\" \/><\/figure>\n<\/div><\/div>\n<\/div>\n\n\n\n<hr class=\"wp-block-separator has-alpha-channel-opacity\"\/>\n\n\n\n<h3 class=\"wp-block-heading\">Vos dons<\/h3>\n\n\n\n<div class=\"wp-block-columns are-vertically-aligned-center is-layout-flex wp-container-core-columns-is-layout-9d6595d7 wp-block-columns-is-layout-flex\">\n<div class=\"wp-block-column is-vertically-aligned-center is-layout-flow wp-block-column-is-layout-flow\" style=\"flex-basis:60%\">\n<p>En r\u00e8gle g\u00e9n\u00e9rale, nous faisons un appel cibl\u00e9 comme ci-dessus quand nous avons un  besoin pr\u00e9cis.<\/p>\n\n\n\n<p>En effet, nous sommes confront\u00e9s \u00e0 des <strong>imp\u00e9ratifs de stockage et de co\u00fbts d&rsquo;envoi <\/strong>qui nous obligent souvent h\u00e9las \u00e0 refuser votre g\u00e9n\u00e9rosit\u00e9.<\/p>\n<\/div>\n\n\n\n<div class=\"wp-block-column is-vertically-aligned-center is-layout-flow wp-block-column-is-layout-flow\" style=\"padding-right:var(--wp--preset--spacing--40);padding-left:var(--wp--preset--spacing--40);flex-basis:40%\"><div class=\"wp-block-image\">\n<figure class=\"aligncenter size-large is-resized has-custom-border\"><img loading=\"lazy\" decoding=\"async\" width=\"1024\" height=\"768\" src=\"https:\/\/www.mediraid.be\/fr\/wp-content\/uploads\/2025\/02\/dons2-1024x768.jpg\" alt=\"\" class=\"wp-image-591\" style=\"border-radius:30px;width:350px\" srcset=\"https:\/\/www.mediraid.be\/fr\/wp-content\/uploads\/2025\/02\/dons2-1024x768.jpg 1024w, https:\/\/www.mediraid.be\/fr\/wp-content\/uploads\/2025\/02\/dons2-300x225.jpg 300w, https:\/\/www.mediraid.be\/fr\/wp-content\/uploads\/2025\/02\/dons2-768x576.jpg 768w, https:\/\/www.mediraid.be\/fr\/wp-content\/uploads\/2025\/02\/dons2-1536x1152.jpg 1536w, https:\/\/www.mediraid.be\/fr\/wp-content\/uploads\/2025\/02\/dons2-24x18.jpg 24w, https:\/\/www.mediraid.be\/fr\/wp-content\/uploads\/2025\/02\/dons2-36x27.jpg 36w, https:\/\/www.mediraid.be\/fr\/wp-content\/uploads\/2025\/02\/dons2-48x36.jpg 48w, https:\/\/www.mediraid.be\/fr\/wp-content\/uploads\/2025\/02\/dons2.jpg 2048w\" sizes=\"auto, (max-width: 1024px) 100vw, 1024px\" \/><figcaption class=\"wp-element-caption\"><em><sup>Tri de 600 paires de lunettes de vue<\/sup><\/em><\/figcaption><\/figure>\n<\/div><\/div>\n<\/div>\n\n\n\n<p>Si vous avez du <strong>mat\u00e9riel m\u00e9dical ou sp\u00e9cifique<\/strong>, n&rsquo;h\u00e9sitez toutefois pas \u00e0 nous <a href=\"https:\/\/www.mediraid.be\/fr\/contact-2\/\" data-type=\"page\" data-id=\"250\">contacter<\/a>. <\/p>\n\n\n\n<p><span style=\"text-decoration: underline;\">Nous sommes en permanence preneurs de :<\/span><\/p>\n\n\n\n<ul class=\"wp-block-list\">\n<li><strong>Petit mat\u00e9riel m\u00e9dical, pansements, compresses, bandes velpaux<\/strong><\/li>\n\n\n\n<li><strong>M\u00e9dicaments non p\u00e9rim\u00e9s<\/strong> pour douleur, inflammation, antibiotiques, tension, cholest\u00e9rol, diab\u00e8te\u2026 (<em>demandez \u00e0 VOS pharmaciens qu\u2019ils vous les garde\u2026<\/em>)<\/li>\n\n\n\n<li>Tout ce qui peut servir \u00e0 notre projet de culture de plantes m\u00e9dicinales : <strong>d\u00e9broussailleuse, tron\u00e7onneuse, petit mat\u00e9riel de jardinage&#8230;<\/strong><\/li>\n\n\n\n<li>Mat\u00e9riel de bureau (<strong>cahiers , feuilles imprimantes , mat\u00e9riel divers, chaises de bureaux..<\/strong>) <\/li>\n\n\n\n<li><strong>Manuels scolaires<\/strong> (fin d&rsquo;\u00e9cole primaire et d\u00e9but humanit\u00e9)<\/li>\n\n\n\n<li><strong>Jouets en bois<\/strong> (pas de plastique)<\/li>\n\n\n\n<li>V\u00eatements en tr\u00e8s petites quantit\u00e9s et en sacs solides (ils servent de calage dans le container !)<\/li>\n\n\n\n<li>De quoi \u00eatre utile pour l\u2019installation de la maison pour l\u2019accueil de nos b\u00e9n\u00e9voles : matelas de 90 cm, une grande cuisine \u00e9quip\u00e9e et un grand salon en tissu gris\u2026<\/li>\n<\/ul>\n\n\n\n<p><\/p>\n\n\n\n<div class=\"wp-block-columns is-layout-flex wp-container-core-columns-is-layout-9d6595d7 wp-block-columns-is-layout-flex\">\n<div class=\"wp-block-column is-layout-flow wp-block-column-is-layout-flow\" style=\"flex-basis:50%\"><div class=\"wp-block-image\">\n<figure class=\"aligncenter size-full is-resized has-custom-border\"><a href=\"https:\/\/www.mediraid.be\/fr\/wp-content\/uploads\/2025\/02\/dons.jpg\"><img loading=\"lazy\" decoding=\"async\" width=\"960\" height=\"720\" src=\"https:\/\/www.mediraid.be\/fr\/wp-content\/uploads\/2025\/02\/dons.jpg\" alt=\"\" class=\"wp-image-592\" style=\"border-radius:30px;width:699px;height:auto\" srcset=\"https:\/\/www.mediraid.be\/fr\/wp-content\/uploads\/2025\/02\/dons.jpg 960w, https:\/\/www.mediraid.be\/fr\/wp-content\/uploads\/2025\/02\/dons-300x225.jpg 300w, https:\/\/www.mediraid.be\/fr\/wp-content\/uploads\/2025\/02\/dons-768x576.jpg 768w, https:\/\/www.mediraid.be\/fr\/wp-content\/uploads\/2025\/02\/dons-24x18.jpg 24w, https:\/\/www.mediraid.be\/fr\/wp-content\/uploads\/2025\/02\/dons-36x27.jpg 36w, https:\/\/www.mediraid.be\/fr\/wp-content\/uploads\/2025\/02\/dons-48x36.jpg 48w\" sizes=\"auto, (max-width: 960px) 100vw, 960px\" \/><\/a><figcaption class=\"wp-element-caption\"><em><sup>2024 &#8211; Don des pompiers de la zone NAGE<\/sup><\/em><\/figcaption><\/figure>\n<\/div><\/div>\n\n\n\n<div class=\"wp-block-column is-layout-flow wp-block-column-is-layout-flow\" style=\"flex-basis:50%\"><div class=\"wp-block-image\">\n<figure class=\"aligncenter size-large has-custom-border\"><img loading=\"lazy\" decoding=\"async\" width=\"1024\" height=\"768\" src=\"https:\/\/www.mediraid.be\/fr\/wp-content\/uploads\/2025\/02\/IMG-20250216-WA0002-1024x768.jpg\" alt=\"\" class=\"wp-image-683\" style=\"border-width:1px;border-radius:30px\" srcset=\"https:\/\/www.mediraid.be\/fr\/wp-content\/uploads\/2025\/02\/IMG-20250216-WA0002-1024x768.jpg 1024w, https:\/\/www.mediraid.be\/fr\/wp-content\/uploads\/2025\/02\/IMG-20250216-WA0002-300x225.jpg 300w, https:\/\/www.mediraid.be\/fr\/wp-content\/uploads\/2025\/02\/IMG-20250216-WA0002-768x576.jpg 768w, https:\/\/www.mediraid.be\/fr\/wp-content\/uploads\/2025\/02\/IMG-20250216-WA0002-1536x1152.jpg 1536w, https:\/\/www.mediraid.be\/fr\/wp-content\/uploads\/2025\/02\/IMG-20250216-WA0002-24x18.jpg 24w, https:\/\/www.mediraid.be\/fr\/wp-content\/uploads\/2025\/02\/IMG-20250216-WA0002-36x27.jpg 36w, https:\/\/www.mediraid.be\/fr\/wp-content\/uploads\/2025\/02\/IMG-20250216-WA0002-48x36.jpg 48w, https:\/\/www.mediraid.be\/fr\/wp-content\/uploads\/2025\/02\/IMG-20250216-WA0002.jpg 1600w\" sizes=\"auto, (max-width: 1024px) 100vw, 1024px\" \/><figcaption class=\"wp-element-caption\"><em><sup>2025 &#8211; Don de Mr Pol Fondu<\/sup><\/em><\/figcaption><\/figure>\n<\/div><\/div>\n<\/div>\n\n\n\n<p><\/p>\n","protected":false},"excerpt":{"rendered":"<p>Nous sommes actuellement \u00e0 la recherche de&#8230; 15\/10\/2025 : Un lecteur de glyc\u00e9mie Accu Check Guide ( et pas un autre!!). Nous venons de recevoir 200 tigettes non p\u00e9rim\u00e9es et sans le lecteur !! Quelqu\u2019un aurait-il cela dans ses armoires ? 03 \/ 08 \/2025 : mat\u00e9riel \u00e9lectrique si possible \u00e0 encastrer ( prises ,&hellip;&nbsp;<a href=\"https:\/\/www.mediraid.be\/fr\/don-materiel\/\" rel=\"bookmark\">Lire la suite &raquo;<span class=\"screen-reader-text\">Don de mat\u00e9riel<\/span><\/a><\/p>\n","protected":false},"author":1,"featured_media":0,"parent":0,"menu_order":0,"comment_status":"closed","ping_status":"closed","template":"","meta":{"inline_featured_image":false,"neve_meta_sidebar":"","neve_meta_container":"","neve_meta_enable_content_width":"","neve_meta_content_width":0,"neve_meta_title_alignment":"","neve_meta_author_avatar":"","neve_post_elements_order":"","neve_meta_disable_header":"","neve_meta_disable_footer":"","neve_meta_disable_title":"","iawp_total_views":140,"footnotes":""},"class_list":["post-254","page","type-page","status-publish","hentry"],"_links":{"self":[{"href":"https:\/\/www.mediraid.be\/fr\/wp-json\/wp\/v2\/pages\/254","targetHints":{"allow":["GET"]}}],"collection":[{"href":"https:\/\/www.mediraid.be\/fr\/wp-json\/wp\/v2\/pages"}],"about":[{"href":"https:\/\/www.mediraid.be\/fr\/wp-json\/wp\/v2\/types\/page"}],"author":[{"embeddable":true,"href":"https:\/\/www.mediraid.be\/fr\/wp-json\/wp\/v2\/users\/1"}],"replies":[{"embeddable":true,"href":"https:\/\/www.mediraid.be\/fr\/wp-json\/wp\/v2\/comments?post=254"}],"version-history":[{"count":11,"href":"https:\/\/www.mediraid.be\/fr\/wp-json\/wp\/v2\/pages\/254\/revisions"}],"predecessor-version":[{"id":1339,"href":"https:\/\/www.mediraid.be\/fr\/wp-json\/wp\/v2\/pages\/254\/revisions\/1339"}],"wp:attachment":[{"href":"https:\/\/www.mediraid.be\/fr\/wp-json\/wp\/v2\/media?parent=254"}],"curies":[{"name":"wp","href":"https:\/\/api.w.org\/{rel}","templated":true}]}}