{"id":296,"date":"2025-02-21T11:06:50","date_gmt":"2025-02-21T10:06:50","guid":{"rendered":"https:\/\/www.mediraid.be\/fr\/?page_id=296"},"modified":"2025-04-08T15:11:16","modified_gmt":"2025-04-08T13:11:16","slug":"ophtalmo","status":"publish","type":"page","link":"https:\/\/www.mediraid.be\/fr\/ophtalmo\/","title":{"rendered":"Ophtalmo"},"content":{"rendered":"\n<h3 class=\"wp-block-heading\">Contexte et Objectifs<\/h3>\n\n\n\n<div class=\"wp-block-columns is-layout-flex wp-container-core-columns-is-layout-ed5226f6 wp-block-columns-is-layout-flex\" style=\"padding-right:0;padding-left:0\">\n<div class=\"wp-block-column is-vertically-aligned-center is-layout-flow wp-block-column-is-layout-flow\" style=\"padding-right:2rem;padding-left:0rem;flex-basis:66.66%\">\n<p>Depuis 2009, Mediraid m\u00e8ne un vaste programme de <strong>consultations ophtalmologiques<\/strong> itin\u00e9rantes dans plusieurs r\u00e9gions du S\u00e9n\u00e9gal, notamment dans le Sin\u00e9 Saloum et Fatick. <\/p>\n\n\n\n<p>L&rsquo;objectif principal est d&rsquo;am\u00e9liorer l&rsquo;<strong>acc\u00e8s aux soins visuels<\/strong> pour les populations d\u00e9favoris\u00e9es, qui n&rsquo;ont souvent pas les moyens d&rsquo;acc\u00e9der \u00e0 un ophtalmologue ou d&rsquo;acheter des lunettes adapt\u00e9es.<\/p>\n<\/div>\n\n\n\n<div class=\"wp-block-column is-layout-flow wp-block-column-is-layout-flow\" style=\"padding-right:0;padding-left:0;flex-basis:33.33%\"><div class=\"wp-block-image\">\n<figure class=\"aligncenter size-full has-custom-border\"><a href=\"https:\/\/www.mediraid.be\/fr\/wp-content\/uploads\/2025\/04\/diagnostic.png\"><img loading=\"lazy\" decoding=\"async\" width=\"1033\" height=\"683\" src=\"https:\/\/www.mediraid.be\/fr\/wp-content\/uploads\/2025\/04\/diagnostic.png\" alt=\"\" class=\"wp-image-886\" style=\"border-radius:30px\" srcset=\"https:\/\/www.mediraid.be\/fr\/wp-content\/uploads\/2025\/04\/diagnostic.png 1033w, https:\/\/www.mediraid.be\/fr\/wp-content\/uploads\/2025\/04\/diagnostic-300x198.png 300w, https:\/\/www.mediraid.be\/fr\/wp-content\/uploads\/2025\/04\/diagnostic-1024x677.png 1024w, https:\/\/www.mediraid.be\/fr\/wp-content\/uploads\/2025\/04\/diagnostic-768x508.png 768w, https:\/\/www.mediraid.be\/fr\/wp-content\/uploads\/2025\/04\/diagnostic-24x16.png 24w, https:\/\/www.mediraid.be\/fr\/wp-content\/uploads\/2025\/04\/diagnostic-36x24.png 36w, https:\/\/www.mediraid.be\/fr\/wp-content\/uploads\/2025\/04\/diagnostic-48x32.png 48w\" sizes=\"auto, (max-width: 1033px) 100vw, 1033px\" \/><\/a><\/figure>\n<\/div><\/div>\n<\/div>\n\n\n\n<div style=\"height:26px\" aria-hidden=\"true\" class=\"wp-block-spacer\"><\/div>\n\n\n\n<p>Les objectifs sp\u00e9cifiques du projet sont :<\/p>\n\n\n\n<ul class=\"wp-block-list\">\n<li><strong>D\u00e9pister et diagnostiquer les troubles visuels<\/strong>, notamment la myopie, l\u2019hyperm\u00e9tropie, la presbytie et les pathologies plus graves comme la cataracte et le glaucome.<\/li>\n\n\n\n<li><strong>Fournir gratuitement des lunettes correctrices<\/strong> adapt\u00e9es aux patients dans le besoin.<\/li>\n\n\n\n<li><strong>Sensibiliser la population \u00e0 la pr\u00e9vention des maladies oculaires et \u00e0 l&rsquo;hygi\u00e8ne visuelle<\/strong>.<\/li>\n\n\n\n<li>Apporter du mat\u00e9riel ophtalmologique et former du personnel m\u00e9dical local pour assurer un suivi durable.<\/li>\n<\/ul>\n\n\n\n<div style=\"height:20px\" aria-hidden=\"true\" class=\"wp-block-spacer\"><\/div>\n\n\n\n<h3 class=\"wp-block-heading\">Mise en oeuvre<\/h3>\n\n\n\n<p>Le projet s\u2019appuie sur plusieurs \u00e9tapes cl\u00e9s pour assurer son efficacit\u00e9 :<\/p>\n\n\n\n<h4 class=\"wp-block-heading\">1. R\u00e9colte et acheminement du mat\u00e9riel<\/h4>\n\n\n\n<ul class=\"wp-block-list\">\n<li><strong>R\u00e9cup\u00e9ration<\/strong> de <strong>verres<\/strong> correcteurs et de <strong>montures<\/strong> aupr\u00e8s de partenaires en Belgique (opticiens, h\u00f4pitaux, entreprises sp\u00e9cialis\u00e9es).<\/li>\n\n\n\n<li><strong>Achat et don de mat\u00e9riel de diagnostic <\/strong>(r\u00e9fractom\u00e8tres, lampes \u00e0 fente, lunettes d&rsquo;essai, auto-r\u00e9fracteurs).<\/li>\n\n\n\n<li><strong>Envoi du mat\u00e9riel par container<\/strong> vers le S\u00e9n\u00e9gal, principalement vers les centres de sant\u00e9 de Fimela, Yayeme et Nguecokh.<\/li>\n<\/ul>\n\n\n<div class=\"wp-block-image\">\n<figure class=\"aligncenter size-full is-resized has-custom-border\"><a href=\"https:\/\/www.mediraid.be\/fr\/wp-content\/uploads\/2025\/04\/stock_verres.png\"><img loading=\"lazy\" decoding=\"async\" width=\"1439\" height=\"850\" src=\"https:\/\/www.mediraid.be\/fr\/wp-content\/uploads\/2025\/04\/stock_verres.png\" alt=\"\" class=\"wp-image-887\" style=\"border-radius:30px;width:730px\" srcset=\"https:\/\/www.mediraid.be\/fr\/wp-content\/uploads\/2025\/04\/stock_verres.png 1439w, https:\/\/www.mediraid.be\/fr\/wp-content\/uploads\/2025\/04\/stock_verres-300x177.png 300w, https:\/\/www.mediraid.be\/fr\/wp-content\/uploads\/2025\/04\/stock_verres-1024x605.png 1024w, https:\/\/www.mediraid.be\/fr\/wp-content\/uploads\/2025\/04\/stock_verres-768x454.png 768w, https:\/\/www.mediraid.be\/fr\/wp-content\/uploads\/2025\/04\/stock_verres-24x14.png 24w, https:\/\/www.mediraid.be\/fr\/wp-content\/uploads\/2025\/04\/stock_verres-36x21.png 36w, https:\/\/www.mediraid.be\/fr\/wp-content\/uploads\/2025\/04\/stock_verres-48x28.png 48w\" sizes=\"auto, (max-width: 1439px) 100vw, 1439px\" \/><\/a><\/figure>\n<\/div>\n\n\n<div style=\"height:26px\" aria-hidden=\"true\" class=\"wp-block-spacer\"><\/div>\n\n\n\n<h4 class=\"wp-block-heading\">2. Organisation des consultations<\/h4>\n\n\n\n<div class=\"wp-block-columns is-layout-flex wp-container-core-columns-is-layout-ed5226f6 wp-block-columns-is-layout-flex\" style=\"padding-right:0;padding-left:0\">\n<div class=\"wp-block-column is-vertically-aligned-center is-layout-flow wp-block-column-is-layout-flow\" style=\"padding-right:2rem;padding-left:0rem;flex-basis:66.66%\">\n<ul class=\"wp-block-list\">\n<li><strong>D\u00e9ploiement<\/strong> d\u2019\u00e9quipes de <strong>professionnels<\/strong> de sant\u00e9 (ophtalmologues, opticiens, techniciens sp\u00e9cialis\u00e9s) lors de missions de terrain.<\/li>\n\n\n\n<li>Installation de <strong>postes de consultations itin\u00e9rants<\/strong> dans les postes de sant\u00e9 et dispensaires.<\/li>\n\n\n\n<li><strong>D\u00e9pistage des troubles visuels et prescription de lunettes adapt\u00e9es<\/strong>.<\/li>\n<\/ul>\n<\/div>\n\n\n\n<div class=\"wp-block-column is-layout-flow wp-block-column-is-layout-flow\" style=\"padding-right:0;padding-left:0;flex-basis:33.33%\"><div class=\"wp-block-image\">\n<figure class=\"aligncenter size-full has-custom-border\"><a href=\"https:\/\/www.mediraid.be\/fr\/wp-content\/uploads\/2025\/04\/examen.png\"><img loading=\"lazy\" decoding=\"async\" width=\"493\" height=\"742\" src=\"https:\/\/www.mediraid.be\/fr\/wp-content\/uploads\/2025\/04\/examen.png\" alt=\"\" class=\"wp-image-888\" style=\"border-radius:30px\" srcset=\"https:\/\/www.mediraid.be\/fr\/wp-content\/uploads\/2025\/04\/examen.png 493w, https:\/\/www.mediraid.be\/fr\/wp-content\/uploads\/2025\/04\/examen-199x300.png 199w, https:\/\/www.mediraid.be\/fr\/wp-content\/uploads\/2025\/04\/examen-16x24.png 16w, https:\/\/www.mediraid.be\/fr\/wp-content\/uploads\/2025\/04\/examen-24x36.png 24w, https:\/\/www.mediraid.be\/fr\/wp-content\/uploads\/2025\/04\/examen-32x48.png 32w\" sizes=\"auto, (max-width: 493px) 100vw, 493px\" \/><\/a><\/figure>\n<\/div><\/div>\n<\/div>\n\n\n\n<div style=\"height:25px\" aria-hidden=\"true\" class=\"wp-block-spacer\"><\/div>\n\n\n<div class=\"wp-block-image\">\n<figure class=\"aligncenter size-full is-resized has-custom-border\"><a href=\"https:\/\/www.mediraid.be\/fr\/wp-content\/uploads\/2025\/04\/examen_0.png\"><img loading=\"lazy\" decoding=\"async\" width=\"901\" height=\"679\" src=\"https:\/\/www.mediraid.be\/fr\/wp-content\/uploads\/2025\/04\/examen_0.png\" alt=\"\" class=\"wp-image-889\" style=\"border-radius:30px;width:730px\" srcset=\"https:\/\/www.mediraid.be\/fr\/wp-content\/uploads\/2025\/04\/examen_0.png 901w, https:\/\/www.mediraid.be\/fr\/wp-content\/uploads\/2025\/04\/examen_0-300x226.png 300w, https:\/\/www.mediraid.be\/fr\/wp-content\/uploads\/2025\/04\/examen_0-768x579.png 768w, https:\/\/www.mediraid.be\/fr\/wp-content\/uploads\/2025\/04\/examen_0-24x18.png 24w, https:\/\/www.mediraid.be\/fr\/wp-content\/uploads\/2025\/04\/examen_0-36x27.png 36w, https:\/\/www.mediraid.be\/fr\/wp-content\/uploads\/2025\/04\/examen_0-48x36.png 48w\" sizes=\"auto, (max-width: 901px) 100vw, 901px\" \/><\/a><\/figure>\n<\/div>\n\n\n<div style=\"height:26px\" aria-hidden=\"true\" class=\"wp-block-spacer\"><\/div>\n\n\n\n<h4 class=\"wp-block-heading\">3. Fabrication et distribution de lunettes<\/h4>\n\n\n\n<div class=\"wp-block-columns is-layout-flex wp-container-core-columns-is-layout-ed5226f6 wp-block-columns-is-layout-flex\" style=\"padding-right:0;padding-left:0\">\n<div class=\"wp-block-column is-vertically-aligned-center is-layout-flow wp-block-column-is-layout-flow\" style=\"padding-right:2rem;padding-left:0rem;flex-basis:66.66%\">\n<ul class=\"wp-block-list\">\n<li>Montage des lunettes sur place ou acheminement vers un atelier de fabrication partenaire.<\/li>\n\n\n\n<li>Remise gratuite des lunettes aux patients.<\/li>\n\n\n\n<li>Instructions sur l\u2019entretien et l\u2019utilisation des lunettes.<\/li>\n<\/ul>\n<\/div>\n\n\n\n<div class=\"wp-block-column is-layout-flow wp-block-column-is-layout-flow\" style=\"padding-right:0;padding-left:0;flex-basis:33.33%\"><div class=\"wp-block-image\">\n<figure class=\"aligncenter size-full has-custom-border\"><a href=\"https:\/\/www.mediraid.be\/fr\/wp-content\/uploads\/2025\/04\/lunettes.png\"><img loading=\"lazy\" decoding=\"async\" width=\"534\" height=\"672\" src=\"https:\/\/www.mediraid.be\/fr\/wp-content\/uploads\/2025\/04\/lunettes.png\" alt=\"\" class=\"wp-image-890\" style=\"border-radius:30px\" srcset=\"https:\/\/www.mediraid.be\/fr\/wp-content\/uploads\/2025\/04\/lunettes.png 534w, https:\/\/www.mediraid.be\/fr\/wp-content\/uploads\/2025\/04\/lunettes-238x300.png 238w, https:\/\/www.mediraid.be\/fr\/wp-content\/uploads\/2025\/04\/lunettes-19x24.png 19w, https:\/\/www.mediraid.be\/fr\/wp-content\/uploads\/2025\/04\/lunettes-29x36.png 29w, https:\/\/www.mediraid.be\/fr\/wp-content\/uploads\/2025\/04\/lunettes-38x48.png 38w\" sizes=\"auto, (max-width: 534px) 100vw, 534px\" \/><\/a><\/figure>\n<\/div><\/div>\n<\/div>\n\n\n\n<div style=\"height:25px\" aria-hidden=\"true\" class=\"wp-block-spacer\"><\/div>\n\n\n\n<h4 class=\"wp-block-heading\">4. Formation et sensibilisation<\/h4>\n\n\n\n<ul class=\"wp-block-list\">\n<li>Formation des professionnels de sant\u00e9 locaux \u00e0 l\u2019examen visuel et \u00e0 l&rsquo;utilisation du mat\u00e9riel ophtalmologique.<\/li>\n\n\n\n<li>Sensibilisation des populations aux bonnes pratiques d\u2019hygi\u00e8ne oculaire et \u00e0 la pr\u00e9vention des maladies li\u00e9es aux conditions de vie (exposition au soleil, infections, diab\u00e8te).<\/li>\n<\/ul>\n\n\n\n<div style=\"height:20px\" aria-hidden=\"true\" class=\"wp-block-spacer\"><\/div>\n\n\n\n<h3 class=\"wp-block-heading\">Impact du projet<\/h3>\n\n\n\n<p>Depuis son lancement, le projet a permis de :<\/p>\n\n\n\n<div class=\"wp-block-columns is-layout-flex wp-container-core-columns-is-layout-ed5226f6 wp-block-columns-is-layout-flex\" style=\"padding-right:0;padding-left:0\">\n<div class=\"wp-block-column is-vertically-aligned-center is-layout-flow wp-block-column-is-layout-flow\" style=\"padding-right:2rem;padding-left:0rem;flex-basis:50%\">\n<ul class=\"wp-block-list\">\n<li>Examiner plus de<strong> 400 patients par mission<\/strong>.<\/li>\n\n\n\n<li>Distribuer gratuitement plus de <strong>250 paires de lunettes correctrices<\/strong> \u00e0 chaque session.<\/li>\n\n\n\n<li><strong>D\u00e9tecter<\/strong> et <strong>orienter<\/strong> vers des structures hospitali\u00e8res plusieurs cas n\u00e9cessitant des interventions chirurgicales, notamment pour la cataracte.<\/li>\n\n\n\n<li>Sensibiliser des milliers de personnes \u00e0 l\u2019importance de la sant\u00e9 visuelle.<\/li>\n<\/ul>\n<\/div>\n\n\n\n<div class=\"wp-block-column is-layout-flow wp-block-column-is-layout-flow\" style=\"padding-right:0;padding-left:0;flex-basis:50%\"><div class=\"wp-block-image\">\n<figure class=\"aligncenter size-full has-custom-border\"><a href=\"https:\/\/www.mediraid.be\/fr\/wp-content\/uploads\/2025\/04\/2107-1024.jpg\"><img loading=\"lazy\" decoding=\"async\" width=\"2107\" height=\"1024\" src=\"https:\/\/www.mediraid.be\/fr\/wp-content\/uploads\/2025\/04\/2107-1024.jpg\" alt=\"\" class=\"wp-image-891\" style=\"border-radius:30px\" srcset=\"https:\/\/www.mediraid.be\/fr\/wp-content\/uploads\/2025\/04\/2107-1024.jpg 2107w, https:\/\/www.mediraid.be\/fr\/wp-content\/uploads\/2025\/04\/2107-1024-300x146.jpg 300w, https:\/\/www.mediraid.be\/fr\/wp-content\/uploads\/2025\/04\/2107-1024-1024x498.jpg 1024w, https:\/\/www.mediraid.be\/fr\/wp-content\/uploads\/2025\/04\/2107-1024-768x373.jpg 768w, https:\/\/www.mediraid.be\/fr\/wp-content\/uploads\/2025\/04\/2107-1024-1536x746.jpg 1536w, https:\/\/www.mediraid.be\/fr\/wp-content\/uploads\/2025\/04\/2107-1024-2048x995.jpg 2048w, https:\/\/www.mediraid.be\/fr\/wp-content\/uploads\/2025\/04\/2107-1024-24x12.jpg 24w, https:\/\/www.mediraid.be\/fr\/wp-content\/uploads\/2025\/04\/2107-1024-36x17.jpg 36w, https:\/\/www.mediraid.be\/fr\/wp-content\/uploads\/2025\/04\/2107-1024-48x23.jpg 48w\" sizes=\"auto, (max-width: 2107px) 100vw, 2107px\" \/><\/a><\/figure>\n<\/div><\/div>\n<\/div>\n\n\n\n<div style=\"height:25px\" aria-hidden=\"true\" class=\"wp-block-spacer\"><\/div>\n\n\n\n<h3 class=\"wp-block-heading\">D\u00e9veloppements Futurs<\/h3>\n\n\n\n<p>Mediraid pr\u00e9voit d\u2019intensifier ses efforts dans les prochaines ann\u00e9es en :<\/p>\n\n\n\n<div class=\"wp-block-columns is-layout-flex wp-container-core-columns-is-layout-ed5226f6 wp-block-columns-is-layout-flex\" style=\"padding-right:0;padding-left:0\">\n<div class=\"wp-block-column is-vertically-aligned-center is-layout-flow wp-block-column-is-layout-flow\" style=\"padding-right:2rem;padding-left:0rem;flex-basis:50%\">\n<ul class=\"wp-block-list\">\n<li>Augmentant la fr\u00e9quence des missions ophtalmologiques pour r\u00e9pondre \u00e0 la demande croissante.<\/li>\n\n\n\n<li>\u00c9quipant de mani\u00e8re permanente des centres de sant\u00e9 avec du mat\u00e9riel diagnostique.<\/li>\n\n\n\n<li>Formant davantage de personnel m\u00e9dical et param\u00e9dical pour assurer un suivi r\u00e9gulier des patients.<\/li>\n\n\n\n<li>\u00c9tablissant des partenariats avec des h\u00f4pitaux locaux pour faciliter les chirurgies ophtalmologiques n\u00e9cessaires.<\/li>\n<\/ul>\n\n\n\n<p>Le projet ophtalmologie et lunettes de Mediraid repr\u00e9sente une initiative essentielle pour offrir une meilleure qualit\u00e9 de vie aux populations d\u00e9favoris\u00e9es en leur apportant un acc\u00e8s durable aux soins visuels.<\/p>\n<\/div>\n\n\n\n<div class=\"wp-block-column is-layout-flow wp-block-column-is-layout-flow\" style=\"flex-basis:50%\">\n<figure class=\"wp-block-video aligncenter\"><video height=\"1280\" style=\"aspect-ratio: 720 \/ 1280;\" width=\"720\" controls src=\"https:\/\/www.mediraid.be\/fr\/wp-content\/uploads\/2025\/04\/20241210_110351.mp4\"><\/video><figcaption class=\"wp-element-caption\">Fimela &#8211; 2025<\/figcaption><\/figure>\n<\/div>\n<\/div>\n\n\n\n<div style=\"height:20px\" aria-hidden=\"true\" class=\"wp-block-spacer\"><\/div>\n\n\n\n<h3 class=\"wp-block-heading\">Plus d&rsquo;informations&#8230;<\/h3>\n\n\n\n<div class=\"wp-block-media-text is-stacked-on-mobile\" style=\"border-radius:0px;grid-template-columns:15% auto\"><figure class=\"wp-block-media-text__media\"><img loading=\"lazy\" decoding=\"async\" width=\"605\" height=\"861\" src=\"https:\/\/www.mediraid.be\/fr\/wp-content\/uploads\/2025\/04\/ophtalmo_couv.png\" alt=\"\" class=\"wp-image-894 size-full\" srcset=\"https:\/\/www.mediraid.be\/fr\/wp-content\/uploads\/2025\/04\/ophtalmo_couv.png 605w, https:\/\/www.mediraid.be\/fr\/wp-content\/uploads\/2025\/04\/ophtalmo_couv-211x300.png 211w, https:\/\/www.mediraid.be\/fr\/wp-content\/uploads\/2025\/04\/ophtalmo_couv-17x24.png 17w, https:\/\/www.mediraid.be\/fr\/wp-content\/uploads\/2025\/04\/ophtalmo_couv-25x36.png 25w, https:\/\/www.mediraid.be\/fr\/wp-content\/uploads\/2025\/04\/ophtalmo_couv-34x48.png 34w\" sizes=\"auto, (max-width: 605px) 100vw, 605px\" \/><\/figure><div class=\"wp-block-media-text__content\">\n<p><a href=\"https:\/\/mediraid.be\/nc\/index.php\/s\/ZAmqE6exyFdJPbE\">Pr\u00e9sentation du projet \u00ab\u00a0Ophtalmo\u00a0\u00bb 2016-2021<\/a><\/p>\n<\/div><\/div>\n\n\n\n<div style=\"height:26px\" aria-hidden=\"true\" class=\"wp-block-spacer\"><\/div>\n","protected":false},"excerpt":{"rendered":"<p>Contexte et Objectifs Depuis 2009, Mediraid m\u00e8ne un vaste programme de consultations ophtalmologiques itin\u00e9rantes dans plusieurs r\u00e9gions du S\u00e9n\u00e9gal, notamment dans le Sin\u00e9 Saloum et Fatick. L&rsquo;objectif principal est d&rsquo;am\u00e9liorer l&rsquo;acc\u00e8s aux soins visuels pour les populations d\u00e9favoris\u00e9es, qui n&rsquo;ont souvent pas les moyens d&rsquo;acc\u00e9der \u00e0 un ophtalmologue ou d&rsquo;acheter des lunettes adapt\u00e9es. Les objectifs&hellip;&nbsp;<a href=\"https:\/\/www.mediraid.be\/fr\/ophtalmo\/\" rel=\"bookmark\">Lire la suite &raquo;<span class=\"screen-reader-text\">Ophtalmo<\/span><\/a><\/p>\n","protected":false},"author":1,"featured_media":0,"parent":0,"menu_order":0,"comment_status":"closed","ping_status":"closed","template":"","meta":{"inline_featured_image":false,"neve_meta_sidebar":"","neve_meta_container":"","neve_meta_enable_content_width":"","neve_meta_content_width":0,"neve_meta_title_alignment":"","neve_meta_author_avatar":"","neve_post_elements_order":"","neve_meta_disable_header":"","neve_meta_disable_footer":"","neve_meta_disable_title":"","iawp_total_views":77,"footnotes":""},"class_list":["post-296","page","type-page","status-publish","hentry"],"_links":{"self":[{"href":"https:\/\/www.mediraid.be\/fr\/wp-json\/wp\/v2\/pages\/296","targetHints":{"allow":["GET"]}}],"collection":[{"href":"https:\/\/www.mediraid.be\/fr\/wp-json\/wp\/v2\/pages"}],"about":[{"href":"https:\/\/www.mediraid.be\/fr\/wp-json\/wp\/v2\/types\/page"}],"author":[{"embeddable":true,"href":"https:\/\/www.mediraid.be\/fr\/wp-json\/wp\/v2\/users\/1"}],"replies":[{"embeddable":true,"href":"https:\/\/www.mediraid.be\/fr\/wp-json\/wp\/v2\/comments?post=296"}],"version-history":[{"count":7,"href":"https:\/\/www.mediraid.be\/fr\/wp-json\/wp\/v2\/pages\/296\/revisions"}],"predecessor-version":[{"id":898,"href":"https:\/\/www.mediraid.be\/fr\/wp-json\/wp\/v2\/pages\/296\/revisions\/898"}],"wp:attachment":[{"href":"https:\/\/www.mediraid.be\/fr\/wp-json\/wp\/v2\/media?parent=296"}],"curies":[{"name":"wp","href":"https:\/\/api.w.org\/{rel}","templated":true}]}}