{"id":316,"date":"2025-02-22T09:09:50","date_gmt":"2025-02-22T08:09:50","guid":{"rendered":"https:\/\/www.mediraid.be\/fr\/?page_id=316"},"modified":"2026-02-19T08:10:49","modified_gmt":"2026-02-19T07:10:49","slug":"rapport-des-activites","status":"publish","type":"page","link":"https:\/\/www.mediraid.be\/fr\/rapport-des-activites\/","title":{"rendered":"Rapports d&rsquo;activit\u00e9"},"content":{"rendered":"\n<h3 class=\"wp-block-heading\">2024-2025<\/h3>\n\n\n\n<div class=\"wp-block-columns is-layout-flex wp-container-core-columns-is-layout-9d6595d7 wp-block-columns-is-layout-flex\">\n<div class=\"wp-block-column is-layout-flow wp-block-column-is-layout-flow\" style=\"flex-basis:20%\">\n<figure class=\"wp-block-image size-large\"><a href=\"https:\/\/heyzine.com\/flip-book\/419a54aefa.html\" target=\"_blank\" rel=\" noreferrer noopener\"><img loading=\"lazy\" decoding=\"async\" width=\"754\" height=\"1024\" src=\"https:\/\/www.mediraid.be\/fr\/wp-content\/uploads\/2026\/02\/2026_02_15_rapdac-754x1024.png\" alt=\"\" class=\"wp-image-1411\" style=\"aspect-ratio:0.7363285270225897\" srcset=\"https:\/\/www.mediraid.be\/fr\/wp-content\/uploads\/2026\/02\/2026_02_15_rapdac-754x1024.png 754w, https:\/\/www.mediraid.be\/fr\/wp-content\/uploads\/2026\/02\/2026_02_15_rapdac-221x300.png 221w, https:\/\/www.mediraid.be\/fr\/wp-content\/uploads\/2026\/02\/2026_02_15_rapdac-18x24.png 18w, https:\/\/www.mediraid.be\/fr\/wp-content\/uploads\/2026\/02\/2026_02_15_rapdac-27x36.png 27w, https:\/\/www.mediraid.be\/fr\/wp-content\/uploads\/2026\/02\/2026_02_15_rapdac-35x48.png 35w, https:\/\/www.mediraid.be\/fr\/wp-content\/uploads\/2026\/02\/2026_02_15_rapdac.png 759w\" sizes=\"auto, (max-width: 754px) 100vw, 754px\" \/><\/a><\/figure>\n<\/div>\n\n\n\n<div class=\"wp-block-column is-vertically-aligned-center is-layout-flow wp-block-column-is-layout-flow\" style=\"flex-basis:80%\">\n<h4 class=\"wp-block-heading\">Versions pour \u00e9cran (PC, t\u00e9l\u00e9phone&#8230;)<\/h4>\n\n\n\n<div class=\"wp-block-columns is-layout-flex wp-container-core-columns-is-layout-9d6595d7 wp-block-columns-is-layout-flex\">\n<div class=\"wp-block-column is-layout-flow wp-block-column-is-layout-flow\" style=\"flex-basis:5%\"><div class=\"wp-block-image\">\n<figure class=\"aligncenter size-full\"><a href=\"https:\/\/www.mediraid.be\/fr\/wp-content\/uploads\/2026\/02\/livre-ouvert_40.png\"><img loading=\"lazy\" decoding=\"async\" width=\"40\" height=\"40\" src=\"https:\/\/www.mediraid.be\/fr\/wp-content\/uploads\/2026\/02\/livre-ouvert_40.png\" alt=\"\" class=\"wp-image-1473\" srcset=\"https:\/\/www.mediraid.be\/fr\/wp-content\/uploads\/2026\/02\/livre-ouvert_40.png 40w, https:\/\/www.mediraid.be\/fr\/wp-content\/uploads\/2026\/02\/livre-ouvert_40-24x24.png 24w, https:\/\/www.mediraid.be\/fr\/wp-content\/uploads\/2026\/02\/livre-ouvert_40-36x36.png 36w\" sizes=\"auto, (max-width: 40px) 100vw, 40px\" \/><\/a><\/figure>\n<\/div><\/div>\n\n\n\n<div class=\"wp-block-column is-vertically-aligned-bottom is-layout-flow wp-block-column-is-layout-flow\" style=\"padding-left:2rem;flex-basis:95%\">\n<p><a href=\"https:\/\/heyzine.com\/flip-book\/419a54aefa.html\" target=\"_blank\" rel=\"noreferrer noopener\">Version en brochure anim\u00e9e<\/a> avec <strong>ambiances sonores matinales et vesp\u00e9rales<\/strong> de Yayeme et Ngaparou !<br><em>L&rsquo;avant-dernier ic\u00f4ne \u00e0 droite permet de visionner en <strong>plein \u00e9cran<\/strong>. <\/em><br><em>Sur t\u00e9l\u00e9phone \/ tablette, vous pouvez regarder en <strong>vertical<\/strong> (simple page) ou <strong>horizontal<\/strong> (double page face \u00e0 face)<\/em><br><em>Pour naviguer : cliquer sur les derniers centim\u00e8tres des c\u00f4t\u00e9s des pages (la petite fl\u00e8che sur la tranche saute parfois plusieurs pages) ou utiliser la roulette de la souris.<\/em><\/p>\n<\/div>\n<\/div>\n\n\n\n<div class=\"wp-block-columns is-layout-flex wp-container-core-columns-is-layout-9d6595d7 wp-block-columns-is-layout-flex\">\n<div class=\"wp-block-column is-vertically-aligned-top is-layout-flow wp-block-column-is-layout-flow\" style=\"flex-basis:5%\"><div class=\"wp-block-image\">\n<figure class=\"aligncenter size-full\"><a href=\"https:\/\/www.mediraid.be\/fr\/wp-content\/uploads\/2026\/02\/pdf_40.png\"><img loading=\"lazy\" decoding=\"async\" width=\"32\" height=\"40\" src=\"https:\/\/www.mediraid.be\/fr\/wp-content\/uploads\/2026\/02\/pdf_40.png\" alt=\"\" class=\"wp-image-1474\" srcset=\"https:\/\/www.mediraid.be\/fr\/wp-content\/uploads\/2026\/02\/pdf_40.png 32w, https:\/\/www.mediraid.be\/fr\/wp-content\/uploads\/2026\/02\/pdf_40-19x24.png 19w, https:\/\/www.mediraid.be\/fr\/wp-content\/uploads\/2026\/02\/pdf_40-29x36.png 29w\" sizes=\"auto, (max-width: 32px) 100vw, 32px\" \/><\/a><\/figure>\n<\/div><\/div>\n\n\n\n<div class=\"wp-block-column is-vertically-aligned-bottom is-layout-flow wp-block-column-is-layout-flow\" style=\"padding-left:2rem;flex-basis:95%\">\n<p><a href=\"https:\/\/www.mediraid.be\/fr\/wp-content\/uploads\/2026\/02\/2024-2025_rapport_activite_brochure_low_res.pdf\" target=\"_blank\" rel=\"noreferrer noopener\">Version \u00e9cran<\/a> &#8211; pdf basse r\u00e9solution &#8211; 37 Mo<\/p>\n<\/div>\n<\/div>\n<\/div>\n<\/div>\n\n\n\n<h4 class=\"wp-block-heading\">Version pour imprimante<\/h4>\n\n\n\n<div class=\"wp-block-columns is-layout-flex wp-container-core-columns-is-layout-9d6595d7 wp-block-columns-is-layout-flex\">\n<div class=\"wp-block-column is-layout-flow wp-block-column-is-layout-flow\" style=\"flex-basis:40px\"><div class=\"wp-block-image\">\n<figure class=\"aligncenter size-full is-resized\"><a href=\"https:\/\/www.mediraid.be\/fr\/wp-content\/uploads\/2026\/02\/179_-_1_-_Printer.png\"><img loading=\"lazy\" decoding=\"async\" width=\"40\" height=\"43\" src=\"https:\/\/www.mediraid.be\/fr\/wp-content\/uploads\/2026\/02\/179_-_1_-_Printer.png\" alt=\"\" class=\"wp-image-1482\" style=\"aspect-ratio:0.922764426585208;object-fit:cover;width:40px\" srcset=\"https:\/\/www.mediraid.be\/fr\/wp-content\/uploads\/2026\/02\/179_-_1_-_Printer.png 40w, https:\/\/www.mediraid.be\/fr\/wp-content\/uploads\/2026\/02\/179_-_1_-_Printer-22x24.png 22w, https:\/\/www.mediraid.be\/fr\/wp-content\/uploads\/2026\/02\/179_-_1_-_Printer-33x36.png 33w\" sizes=\"auto, (max-width: 40px) 100vw, 40px\" \/><\/a><\/figure>\n<\/div><\/div>\n\n\n\n<div class=\"wp-block-column is-vertically-aligned-bottom is-layout-flow wp-block-column-is-layout-flow\" style=\"flex-basis:90%\">\n<p><a href=\"https:\/\/www.mediraid.be\/fr\/wp-content\/uploads\/2026\/02\/2024-2025_rapport_activite_brochure_high_res.pdf\" target=\"_blank\" rel=\"noreferrer noopener\">Version imprimante brochure recto-verso<\/a> &#8211; pdf haute r\u00e9solution &#8211; 203 Mo<\/p>\n<\/div>\n<\/div>\n\n\n\n<div style=\"height:50px\" aria-hidden=\"true\" class=\"wp-block-spacer\"><\/div>\n\n\n\n<hr class=\"wp-block-separator has-alpha-channel-opacity\"\/>\n\n\n\n<h3 class=\"wp-block-heading\">Archives<\/h3>\n\n\n\n<div class=\"wp-block-file\"><a id=\"wp-block-file--media-e2b746fa-b70e-47a2-9ce9-9e16cc05156e\" href=\"https:\/\/www.mediraid.be\/fr\/wp-content\/uploads\/2025\/04\/2019-2022-Rapport-des-activites.pdf\">2019 &#8211; 2022 &#8211; Rapport des activit\u00e9s<\/a><a href=\"https:\/\/www.mediraid.be\/fr\/wp-content\/uploads\/2025\/04\/2019-2022-Rapport-des-activites.pdf\" class=\"wp-block-file__button wp-element-button\" download aria-describedby=\"wp-block-file--media-e2b746fa-b70e-47a2-9ce9-9e16cc05156e\">T\u00e9l\u00e9charger<\/a><\/div>\n\n\n\n<div class=\"wp-block-file\"><a id=\"wp-block-file--media-e2b746fa-b70e-47a2-9ce9-9e16cc05156e\" href=\"https:\/\/www.mediraid.be\/fr\/wp-content\/uploads\/2025\/04\/2018-Rapport-des-activites.pdf\">2018 &#8211; Rapport des activit\u00e9s<\/a><a href=\"https:\/\/www.mediraid.be\/fr\/wp-content\/uploads\/2025\/04\/2018-Rapport-des-activites.pdf\" class=\"wp-block-file__button wp-element-button\" download aria-describedby=\"wp-block-file--media-e2b746fa-b70e-47a2-9ce9-9e16cc05156e\">T\u00e9l\u00e9charger<\/a><\/div>\n\n\n\n<div class=\"wp-block-file\"><a id=\"wp-block-file--media-e2b746fa-b70e-47a2-9ce9-9e16cc05156e\" href=\"https:\/\/www.mediraid.be\/fr\/wp-content\/uploads\/2025\/04\/2016-2017-Rapport-des-activites.pdf\">2016 &#8211; 2017 &#8211; Rapport des activit\u00e9s<\/a><a href=\"https:\/\/www.mediraid.be\/fr\/wp-content\/uploads\/2025\/04\/2016-2017-Rapport-des-activites.pdf\" class=\"wp-block-file__button wp-element-button\" download aria-describedby=\"wp-block-file--media-e2b746fa-b70e-47a2-9ce9-9e16cc05156e\">T\u00e9l\u00e9charger<\/a><\/div>\n\n\n\n<div class=\"wp-block-file\"><a id=\"wp-block-file--media-e2b746fa-b70e-47a2-9ce9-9e16cc05156e\" href=\"https:\/\/www.mediraid.be\/fr\/wp-content\/uploads\/2025\/04\/2014-2015-Rapport-dactivites.pdf\">2014 &#8211; 2015 &#8211; Rapport d&rsquo;activit\u00e9s<\/a><a href=\"https:\/\/www.mediraid.be\/fr\/wp-content\/uploads\/2025\/04\/2014-2015-Rapport-dactivites.pdf\" class=\"wp-block-file__button wp-element-button\" download aria-describedby=\"wp-block-file--media-e2b746fa-b70e-47a2-9ce9-9e16cc05156e\">T\u00e9l\u00e9charger<\/a><\/div>\n\n\n\n<div style=\"height:100px\" aria-hidden=\"true\" class=\"wp-block-spacer\"><\/div>\n","protected":false},"excerpt":{"rendered":"<p>2024-2025 Versions pour \u00e9cran (PC, t\u00e9l\u00e9phone&#8230;) Version en brochure anim\u00e9e avec ambiances sonores matinales et vesp\u00e9rales de Yayeme et Ngaparou !L&rsquo;avant-dernier ic\u00f4ne \u00e0 droite permet de visionner en plein \u00e9cran. Sur t\u00e9l\u00e9phone \/ tablette, vous pouvez regarder en vertical (simple page) ou horizontal (double page face \u00e0 face)Pour naviguer : cliquer sur les derniers centim\u00e8tres&hellip;&nbsp;<a href=\"https:\/\/www.mediraid.be\/fr\/rapport-des-activites\/\" rel=\"bookmark\">Lire la suite &raquo;<span class=\"screen-reader-text\">Rapports d&rsquo;activit\u00e9<\/span><\/a><\/p>\n","protected":false},"author":1,"featured_media":0,"parent":0,"menu_order":0,"comment_status":"closed","ping_status":"closed","template":"","meta":{"inline_featured_image":false,"neve_meta_sidebar":"","neve_meta_container":"","neve_meta_enable_content_width":"","neve_meta_content_width":0,"neve_meta_title_alignment":"","neve_meta_author_avatar":"","neve_post_elements_order":"","neve_meta_disable_header":"","neve_meta_disable_footer":"","neve_meta_disable_title":"","iawp_total_views":290,"footnotes":""},"class_list":["post-316","page","type-page","status-publish","hentry"],"_links":{"self":[{"href":"https:\/\/www.mediraid.be\/fr\/wp-json\/wp\/v2\/pages\/316","targetHints":{"allow":["GET"]}}],"collection":[{"href":"https:\/\/www.mediraid.be\/fr\/wp-json\/wp\/v2\/pages"}],"about":[{"href":"https:\/\/www.mediraid.be\/fr\/wp-json\/wp\/v2\/types\/page"}],"author":[{"embeddable":true,"href":"https:\/\/www.mediraid.be\/fr\/wp-json\/wp\/v2\/users\/1"}],"replies":[{"embeddable":true,"href":"https:\/\/www.mediraid.be\/fr\/wp-json\/wp\/v2\/comments?post=316"}],"version-history":[{"count":56,"href":"https:\/\/www.mediraid.be\/fr\/wp-json\/wp\/v2\/pages\/316\/revisions"}],"predecessor-version":[{"id":1492,"href":"https:\/\/www.mediraid.be\/fr\/wp-json\/wp\/v2\/pages\/316\/revisions\/1492"}],"wp:attachment":[{"href":"https:\/\/www.mediraid.be\/fr\/wp-json\/wp\/v2\/media?parent=316"}],"curies":[{"name":"wp","href":"https:\/\/api.w.org\/{rel}","templated":true}]}}