{"id":21,"date":"2025-07-07T23:28:25","date_gmt":"2025-07-07T21:28:25","guid":{"rendered":"https:\/\/www.mediraid.be\/senalicament\/?page_id=21"},"modified":"2025-11-19T15:05:34","modified_gmt":"2025-11-19T14:05:34","slug":"ressources","status":"publish","type":"page","link":"https:\/\/www.mediraid.be\/senalicament\/ressources\/","title":{"rendered":"Ressources"},"content":{"rendered":"\n<figure class=\"wp-block-image size-full is-resized\"><img loading=\"lazy\" decoding=\"async\" width=\"1024\" height=\"1024\" src=\"https:\/\/www.mediraid.be\/senalicament\/wp-content\/uploads\/ressources_2.png\" alt=\"\" class=\"wp-image-354\" style=\"width:100px\" srcset=\"https:\/\/www.mediraid.be\/senalicament\/wp-content\/uploads\/ressources_2.png 1024w, https:\/\/www.mediraid.be\/senalicament\/wp-content\/uploads\/ressources_2-300x300.png 300w, https:\/\/www.mediraid.be\/senalicament\/wp-content\/uploads\/ressources_2-150x150.png 150w, https:\/\/www.mediraid.be\/senalicament\/wp-content\/uploads\/ressources_2-768x768.png 768w, https:\/\/www.mediraid.be\/senalicament\/wp-content\/uploads\/ressources_2-24x24.png 24w, https:\/\/www.mediraid.be\/senalicament\/wp-content\/uploads\/ressources_2-36x36.png 36w, https:\/\/www.mediraid.be\/senalicament\/wp-content\/uploads\/ressources_2-48x48.png 48w\" sizes=\"auto, (max-width: 1024px) 100vw, 1024px\" \/><\/figure>\n\n\n\n<div style=\"height:25px\" aria-hidden=\"true\" class=\"wp-block-spacer\"><\/div>\n\n\n\n<h2 class=\"wp-block-heading\">Projets et associations au S\u00e9n\u00e9gal<\/h2>\n\n\n\n<ul class=\"wp-block-list\">\n<li><a href=\"https:\/\/jardins-afrique.org\/ferme-ecole-kaydara\/#kaydara\">Ferme \u00e9cole agro-\u00e9cologique de Kaydara<\/a><\/li>\n\n\n\n<li><a href=\"https:\/\/www.youtube.com\/watch?v=N7c03IvsTkk\" target=\"_blank\" rel=\"noreferrer noopener\">Kaydara : Goran N&#8217;diaye fait pousser un potager dans le d\u00e9sert (vid\u00e9o)<\/a><\/li>\n\n\n\n<li><a href=\"https:\/\/www.alterafrique.org\/\">AlterAfrique<\/a> (asbl belge de soutien \u00e0 des projets en Casamance)<\/li>\n\n\n\n<li><a href=\"https:\/\/ong-apaf.org\">Association pour la promotion des arbres fertilif\u00e8res (APAF)<\/a><\/li>\n\n\n\n<li><a href=\"https:\/\/transjardins.org\/jardin-de-dawady\/?utm_source=chatgpt.com\">Jardin agroforestier de Dawady \u2013 S\u00e9n\u00e9gal<\/a><\/li>\n\n\n\n<li><a href=\"https:\/\/avfertile.org\/\" target=\"_blank\" rel=\"noreferrer noopener\">Afrique verte et fertile<\/a><\/li>\n\n\n\n<li><a href=\"http:\/\/hopitaltraditionnelkeurmassar.org\/\" target=\"_blank\" rel=\"noreferrer noopener\">H\u00f4pital traditionnel de Keur Massar<\/a> (Dakar-Est)<\/li>\n<\/ul>\n\n\n\n<hr class=\"wp-block-separator has-alpha-channel-opacity\"\/>\n\n\n\n<h2 class=\"wp-block-heading\">Cultures<\/h2>\n\n\n\n<ul class=\"wp-block-list\">\n<li><a href=\"https:\/\/pepiniere.sn\/micro-jardinage-urbain-senegal\/?utm_source=chatgpt.com\">Micro-jardinage au S\u00e9n\u00e9gal<\/a><\/li>\n\n\n\n<li><a href=\"https:\/\/www.fao.org\/fileadmin\/templates\/agphome\/documents\/microgardens\/manuals\/Manuel_micro-jardins.pdf?utm_source=chatgpt.com\">Les micro-jardins du S\u00e9n\u00e9gal<\/a><\/li>\n\n\n\n<li><a href=\"https:\/\/idl-bnc-idrc.dspacedirect.org\/server\/api\/core\/bitstreams\/68b9a521-bf2a-4782-ae8a-d9690c2aaafb\/content\">L\u00e9gumes-feuilles traditionnels et fruits forestiers sauvages au S\u00e9n\u00e9gal<\/a><\/li>\n<\/ul>\n\n\n\n<h2 class=\"wp-block-heading\">Permaculture<\/h2>\n\n\n\n<ul class=\"wp-block-list\">\n<li><a href=\"https:\/\/www.adc.sn\/permaculture-senegal\/\">Permaculture-S\u00e9n\u00e9gal<\/a><\/li>\n\n\n\n<li><a href=\"https:\/\/laforetnourriciere.org\/produit\/permaculture-en-climat-tempere\/\">Permaculture en Climat Temp\u00e9r\u00e9<\/a> (Frank Nathi\u00e9)<\/li>\n\n\n\n<li><a href=\"https:\/\/huguesdupriez.etopia.be\/wp-content\/uploads\/2025\/03\/Arbres-et-agricultures-multietagees-dAfrique_H_Dupriez_compressed.pdf\">Arbres et agricultures multi-\u00e9tag\u00e9es d&#8217;Afrique de l&#8217;Ouest <\/a>(Hugues Dupriez, Philippe De Leener &#8211; pdf)<\/li>\n\n\n\n<li><a href=\"https:\/\/huguesdupriez.etopia.be\/wp-content\/uploads\/2025\/06\/Agriculture-tropicale-et-exploitations-familiales_H_Dupriez-1.pdf\">Agriculture et exploitations familiales<\/a> (Hugues Dupriez &#8211; pdf)<\/li>\n\n\n\n<li><a href=\"https:\/\/huguesdupriez.etopia.be\/wp-content\/uploads\/2025\/03\/Jardins-et-vergers-dAfrique_Hugues_Dupriez_compressed.pdf\">Jardins et vergers d&#8217;Afrique<\/a> (Hugues Dupriez, Philippe De Leener &#8211; pdf)<\/li>\n<\/ul>\n\n\n\n<hr class=\"wp-block-separator has-alpha-channel-opacity\"\/>\n\n\n\n<h2 class=\"wp-block-heading\">Plantes m\u00e9dicinales<\/h2>\n\n\n\n<ul class=\"wp-block-list\">\n<li><a href=\"https:\/\/www.editions-harmattan.fr\/catalogue\/livre\/plantes-medicinales-et-savoirs-locaux\/18857\">Plantes m\u00e9dicinales et savoirs locaux<\/a> (Colonel Papa Momar Faye)<\/li>\n\n\n\n<li><a href=\"https:\/\/www.wahooas.org\/web-ooas\/sites\/default\/files\/publications\/2185\/la-pharmacopee-des-plantes-medicinales-de-lafrique-de-louestok.pdf?utm_source=chatgpt.com\">Pharmacop\u00e9e d&#8217;Afrique de l&#8217;Ouest<\/a> (version 2013 &#8211; 268 pages- pdf)<\/li>\n\n\n\n<li><a href=\"https:\/\/www.wahooas.org\/web-ooas-prod\/sites\/default\/files\/publications\/2318\/pharmacopee-de-lafrique-de-louest-french.pdf\">Pharmacop\u00e9e d&#8217;Afrique de l&#8217;Ouest<\/a> (Version 2020 &#8211; 321 pages- pdf)<\/li>\n\n\n\n<li><a href=\"https:\/\/www.researchgate.net\/publication\/334284964_Usages_medicinales_des_plantes_par_la_population_riveraine_du_conservatoire_botanique_Michel_Adanson_de_Mbour_Senegal\">Usages m\u00e9dicinaux des plantes par la population riveraine du conservatoire botanique Michel Adanson de Mbour (S\u00e9n\u00e9gal)<\/a><\/li>\n\n\n\n<li><a href=\"https:\/\/www.programmeppi.org\/projects\/conservatoire-des-plantes-medicinales\/?utm_source=chatgpt.com\">Conservatoire des plantes m\u00e9dicinales<\/a><\/li>\n\n\n\n<li><a href=\"https:\/\/seyilaabe-htkm.blogspot.com\/\" target=\"_blank\" rel=\"noreferrer noopener\">Inventaire du jardin botanique m\u00e9dicinal de Keur Massar<\/a> (colonne de droite)<\/li>\n<\/ul>\n\n\n\n<h3 class=\"wp-block-heading\">Artemisia<\/h3>\n\n\n\n<ul class=\"wp-block-list\">\n<li><a href=\"https:\/\/www.youtube.com\/watch?v=pix5Er1wx4w\" target=\"_blank\" rel=\"noreferrer noopener\">Culture de l&#8217;Artemisia en agroforesterie par les arbres fertilitaires cas de la MdA de Fanaye (vid\u00e9o 45 &#8216;)<\/a><\/li>\n\n\n\n<li><a href=\"https:\/\/www.facebook.com\/maisonartemisiadiakhaosine\" target=\"_blank\" rel=\"noreferrer noopener\">La Maison de L&#8217;Artemisia de Diakhao Sine (page FB)<\/a><\/li>\n<\/ul>\n\n\n\n<hr class=\"wp-block-separator has-alpha-channel-opacity\"\/>\n\n\n\n<h2 class=\"wp-block-heading\">Sant\u00e9<\/h2>\n\n\n\n<h3 class=\"wp-block-heading\">Diab\u00e8te<\/h3>\n\n\n\n<ul class=\"wp-block-list\">\n<li><a href=\"https:\/\/www.hi.org\/fr\/actualites\/au-senegal-prevenir-et-endiguer-la-flambee-du-diabete\" target=\"_blank\" rel=\"noreferrer noopener\">Au S\u00e9n\u00e9gal, pr\u00e9venir et endiguer la flamb\u00e9e du diab\u00e8te<\/a> (Handicap International)<\/li>\n\n\n\n<li><a href=\"https:\/\/getreliancehealth.com\/senegal\/diabete-au-senegal-tout-ce-quil-faut-savoir\/\" target=\"_blank\" rel=\"noreferrer noopener\">Diab\u00e8te au S\u00e9n\u00e9gal, tout ce qu&#8217;il faut savoir<\/a> (Reliance Health)<\/li>\n<\/ul>\n\n\n\n<p><\/p>\n","protected":false},"excerpt":{"rendered":"<p>Projets et associations au S\u00e9n\u00e9gal Cultures Permaculture Plantes m\u00e9dicinales Artemisia Sant\u00e9 Diab\u00e8te<\/p>\n","protected":false},"author":1,"featured_media":0,"parent":0,"menu_order":0,"comment_status":"closed","ping_status":"closed","template":"","meta":{"_acf_changed":false,"neve_meta_sidebar":"","neve_meta_container":"","neve_meta_enable_content_width":"","neve_meta_content_width":0,"neve_meta_title_alignment":"","neve_meta_author_avatar":"","neve_post_elements_order":"","neve_meta_disable_header":"","neve_meta_disable_footer":"","neve_meta_disable_title":"","footnotes":""},"class_list":["post-21","page","type-page","status-publish","hentry"],"acf":[],"_links":{"self":[{"href":"https:\/\/www.mediraid.be\/senalicament\/wp-json\/wp\/v2\/pages\/21","targetHints":{"allow":["GET"]}}],"collection":[{"href":"https:\/\/www.mediraid.be\/senalicament\/wp-json\/wp\/v2\/pages"}],"about":[{"href":"https:\/\/www.mediraid.be\/senalicament\/wp-json\/wp\/v2\/types\/page"}],"author":[{"embeddable":true,"href":"https:\/\/www.mediraid.be\/senalicament\/wp-json\/wp\/v2\/users\/1"}],"replies":[{"embeddable":true,"href":"https:\/\/www.mediraid.be\/senalicament\/wp-json\/wp\/v2\/comments?post=21"}],"version-history":[{"count":21,"href":"https:\/\/www.mediraid.be\/senalicament\/wp-json\/wp\/v2\/pages\/21\/revisions"}],"predecessor-version":[{"id":454,"href":"https:\/\/www.mediraid.be\/senalicament\/wp-json\/wp\/v2\/pages\/21\/revisions\/454"}],"wp:attachment":[{"href":"https:\/\/www.mediraid.be\/senalicament\/wp-json\/wp\/v2\/media?parent=21"}],"curies":[{"name":"wp","href":"https:\/\/api.w.org\/{rel}","templated":true}]}}